{"id":4796,"date":"2024-08-09T12:06:10","date_gmt":"2024-08-09T10:06:10","guid":{"rendered":"https:\/\/preprod.arteva.fr\/webinar-sdi-italie\/"},"modified":"2025-07-07T11:43:57","modified_gmt":"2025-07-07T09:43:57","slug":"seminario-web-sdi-italia","status":"publish","type":"page","link":"https:\/\/www.arteva.fr\/es\/seminario-web-sdi-italia\/","title":{"rendered":"Webinar SDI"},"content":{"rendered":"","protected":false},"excerpt":{"rendered":"<p> [&#8230;]<\/p>\n<p><a class=\"btn btn-secondary understrap-read-more-link\" href=\"https:\/\/www.arteva.fr\/es\/seminario-web-sdi-italia\/\">Leer m\u00e1s&#8230;<span class=\"screen-reader-text\"> from Webinar SDI<\/span><\/a><\/p>\n","protected":false},"author":1,"featured_media":3937,"parent":0,"menu_order":0,"comment_status":"closed","ping_status":"closed","template":"page-templates\/landing-contact.php","meta":{"_acf_changed":false,"footnotes":""},"class_list":["post-4796","page","type-page","status-publish","has-post-thumbnail","hentry"],"acf":[],"yoast_head":"<!-- This site is optimized with the Yoast SEO plugin v26.5 - https:\/\/yoast.com\/wordpress\/plugins\/seo\/ -->\n<title>Seminario web SDI - Facturaci\u00f3n electr\u00f3nica italiana en Art\u00e9va<\/title>\n<meta name=\"description\" content=\"Webinar SdI: Descubra informaci\u00f3n sobre la implementaci\u00f3n del proceso de factura electr\u00f3nica en Italia.\" \/>\n<meta name=\"robots\" content=\"index, follow, max-snippet:-1, max-image-preview:large, max-video-preview:-1\" \/>\n<link rel=\"canonical\" href=\"https:\/\/www.arteva.fr\/es\/seminario-web-sdi-italia\/\" \/>\n<meta property=\"og:locale\" content=\"es_ES\" \/>\n<meta property=\"og:type\" content=\"article\" \/>\n<meta property=\"og:title\" content=\"Seminario web SDI - Facturaci\u00f3n electr\u00f3nica italiana en Art\u00e9va\" \/>\n<meta property=\"og:description\" content=\"Webinar SdI: Descubra informaci\u00f3n sobre la implementaci\u00f3n del proceso de factura electr\u00f3nica en Italia.\" \/>\n<meta property=\"og:url\" content=\"https:\/\/www.arteva.fr\/es\/seminario-web-sdi-italia\/\" \/>\n<meta property=\"og:site_name\" content=\"Art\u00e9va\" \/>\n<meta property=\"article:modified_time\" content=\"2025-07-07T09:43:57+00:00\" \/>\n<meta property=\"og:image\" content=\"https:\/\/www.arteva.fr\/wp-content\/uploads\/2024\/08\/cd.png\" \/>\n\t<meta property=\"og:image:width\" content=\"695\" \/>\n\t<meta property=\"og:image:height\" content=\"711\" \/>\n\t<meta property=\"og:image:type\" content=\"image\/png\" \/>\n<meta name=\"twitter:card\" content=\"summary_large_image\" \/>\n<meta name=\"twitter:label1\" content=\"Tiempo de lectura\" \/>\n\t<meta name=\"twitter:data1\" content=\"1 minuto\" \/>\n<script type=\"application\/ld+json\" class=\"yoast-schema-graph\">{\"@context\":\"https:\/\/schema.org\",\"@graph\":[{\"@type\":\"WebPage\",\"@id\":\"https:\/\/www.arteva.fr\/es\/seminario-web-sdi-italia\/\",\"url\":\"https:\/\/www.arteva.fr\/es\/seminario-web-sdi-italia\/\",\"name\":\"Seminario web SDI - Facturaci\u00f3n electr\u00f3nica italiana en Art\u00e9va\",\"isPartOf\":{\"@id\":\"https:\/\/www.arteva.fr\/es\/#website\"},\"primaryImageOfPage\":{\"@id\":\"https:\/\/www.arteva.fr\/es\/seminario-web-sdi-italia\/#primaryimage\"},\"image\":{\"@id\":\"https:\/\/www.arteva.fr\/es\/seminario-web-sdi-italia\/#primaryimage\"},\"thumbnailUrl\":\"https:\/\/www.arteva.fr\/wp-content\/uploads\/2024\/08\/cd.png\",\"datePublished\":\"2024-08-09T10:06:10+00:00\",\"dateModified\":\"2025-07-07T09:43:57+00:00\",\"description\":\"Webinar SdI: Descubra informaci\u00f3n sobre la implementaci\u00f3n del proceso de factura electr\u00f3nica en Italia.\",\"breadcrumb\":{\"@id\":\"https:\/\/www.arteva.fr\/es\/seminario-web-sdi-italia\/#breadcrumb\"},\"inLanguage\":\"es\",\"potentialAction\":[{\"@type\":\"ReadAction\",\"target\":[\"https:\/\/www.arteva.fr\/es\/seminario-web-sdi-italia\/\"]}]},{\"@type\":\"ImageObject\",\"inLanguage\":\"es\",\"@id\":\"https:\/\/www.arteva.fr\/es\/seminario-web-sdi-italia\/#primaryimage\",\"url\":\"https:\/\/www.arteva.fr\/wp-content\/uploads\/2024\/08\/cd.png\",\"contentUrl\":\"https:\/\/www.arteva.fr\/wp-content\/uploads\/2024\/08\/cd.png\",\"width\":695,\"height\":711,\"caption\":\"Carrera - Una empresa de tecnolog\u00eda y personas | Arteva\"},{\"@type\":\"BreadcrumbList\",\"@id\":\"https:\/\/www.arteva.fr\/es\/seminario-web-sdi-italia\/#breadcrumb\",\"itemListElement\":[{\"@type\":\"ListItem\",\"position\":1,\"name\":\"Accueil\",\"item\":\"https:\/\/www.arteva.fr\/es\/\"},{\"@type\":\"ListItem\",\"position\":2,\"name\":\"Webinar SDI\"}]},{\"@type\":\"WebSite\",\"@id\":\"https:\/\/www.arteva.fr\/es\/#website\",\"url\":\"https:\/\/www.arteva.fr\/es\/\",\"name\":\"Art\u00e9va\",\"description\":\"Connecting business\",\"publisher\":{\"@id\":\"https:\/\/www.arteva.fr\/es\/#organization\"},\"potentialAction\":[{\"@type\":\"SearchAction\",\"target\":{\"@type\":\"EntryPoint\",\"urlTemplate\":\"https:\/\/www.arteva.fr\/es\/?s={search_term_string}\"},\"query-input\":{\"@type\":\"PropertyValueSpecification\",\"valueRequired\":true,\"valueName\":\"search_term_string\"}}],\"inLanguage\":\"es\"},{\"@type\":\"Organization\",\"@id\":\"https:\/\/www.arteva.fr\/es\/#organization\",\"name\":\"Art\u00e9va\",\"url\":\"https:\/\/www.arteva.fr\/es\/\",\"logo\":{\"@type\":\"ImageObject\",\"inLanguage\":\"es\",\"@id\":\"https:\/\/www.arteva.fr\/es\/#\/schema\/logo\/image\/\",\"url\":\"https:\/\/www.arteva.fr\/wp-content\/uploads\/2026\/01\/cropped-Logo-noir-baseline-cote-WP-2.png\",\"contentUrl\":\"https:\/\/www.arteva.fr\/wp-content\/uploads\/2026\/01\/cropped-Logo-noir-baseline-cote-WP-2.png\",\"width\":626,\"height\":115,\"caption\":\"Art\u00e9va\"},\"image\":{\"@id\":\"https:\/\/www.arteva.fr\/es\/#\/schema\/logo\/image\/\"}}]}<\/script>\n<!-- \/ Yoast SEO plugin. -->","yoast_head_json":{"title":"Seminario web SDI - Facturaci\u00f3n electr\u00f3nica italiana en Art\u00e9va","description":"Webinar SdI: Descubra informaci\u00f3n sobre la implementaci\u00f3n del proceso de factura electr\u00f3nica en Italia.","robots":{"index":"index","follow":"follow","max-snippet":"max-snippet:-1","max-image-preview":"max-image-preview:large","max-video-preview":"max-video-preview:-1"},"canonical":"https:\/\/www.arteva.fr\/es\/seminario-web-sdi-italia\/","og_locale":"es_ES","og_type":"article","og_title":"Seminario web SDI - Facturaci\u00f3n electr\u00f3nica italiana en Art\u00e9va","og_description":"Webinar SdI: Descubra informaci\u00f3n sobre la implementaci\u00f3n del proceso de factura electr\u00f3nica en Italia.","og_url":"https:\/\/www.arteva.fr\/es\/seminario-web-sdi-italia\/","og_site_name":"Art\u00e9va","article_modified_time":"2025-07-07T09:43:57+00:00","og_image":[{"width":695,"height":711,"url":"https:\/\/www.arteva.fr\/wp-content\/uploads\/2024\/08\/cd.png","type":"image\/png"}],"twitter_card":"summary_large_image","twitter_misc":{"Tiempo de lectura":"1 minuto"},"schema":{"@context":"https:\/\/schema.org","@graph":[{"@type":"WebPage","@id":"https:\/\/www.arteva.fr\/es\/seminario-web-sdi-italia\/","url":"https:\/\/www.arteva.fr\/es\/seminario-web-sdi-italia\/","name":"Seminario web SDI - Facturaci\u00f3n electr\u00f3nica italiana en Art\u00e9va","isPartOf":{"@id":"https:\/\/www.arteva.fr\/es\/#website"},"primaryImageOfPage":{"@id":"https:\/\/www.arteva.fr\/es\/seminario-web-sdi-italia\/#primaryimage"},"image":{"@id":"https:\/\/www.arteva.fr\/es\/seminario-web-sdi-italia\/#primaryimage"},"thumbnailUrl":"https:\/\/www.arteva.fr\/wp-content\/uploads\/2024\/08\/cd.png","datePublished":"2024-08-09T10:06:10+00:00","dateModified":"2025-07-07T09:43:57+00:00","description":"Webinar SdI: Descubra informaci\u00f3n sobre la implementaci\u00f3n del proceso de factura electr\u00f3nica en Italia.","breadcrumb":{"@id":"https:\/\/www.arteva.fr\/es\/seminario-web-sdi-italia\/#breadcrumb"},"inLanguage":"es","potentialAction":[{"@type":"ReadAction","target":["https:\/\/www.arteva.fr\/es\/seminario-web-sdi-italia\/"]}]},{"@type":"ImageObject","inLanguage":"es","@id":"https:\/\/www.arteva.fr\/es\/seminario-web-sdi-italia\/#primaryimage","url":"https:\/\/www.arteva.fr\/wp-content\/uploads\/2024\/08\/cd.png","contentUrl":"https:\/\/www.arteva.fr\/wp-content\/uploads\/2024\/08\/cd.png","width":695,"height":711,"caption":"Carrera - Una empresa de tecnolog\u00eda y personas | Arteva"},{"@type":"BreadcrumbList","@id":"https:\/\/www.arteva.fr\/es\/seminario-web-sdi-italia\/#breadcrumb","itemListElement":[{"@type":"ListItem","position":1,"name":"Accueil","item":"https:\/\/www.arteva.fr\/es\/"},{"@type":"ListItem","position":2,"name":"Webinar SDI"}]},{"@type":"WebSite","@id":"https:\/\/www.arteva.fr\/es\/#website","url":"https:\/\/www.arteva.fr\/es\/","name":"Art\u00e9va","description":"Connecting business","publisher":{"@id":"https:\/\/www.arteva.fr\/es\/#organization"},"potentialAction":[{"@type":"SearchAction","target":{"@type":"EntryPoint","urlTemplate":"https:\/\/www.arteva.fr\/es\/?s={search_term_string}"},"query-input":{"@type":"PropertyValueSpecification","valueRequired":true,"valueName":"search_term_string"}}],"inLanguage":"es"},{"@type":"Organization","@id":"https:\/\/www.arteva.fr\/es\/#organization","name":"Art\u00e9va","url":"https:\/\/www.arteva.fr\/es\/","logo":{"@type":"ImageObject","inLanguage":"es","@id":"https:\/\/www.arteva.fr\/es\/#\/schema\/logo\/image\/","url":"https:\/\/www.arteva.fr\/wp-content\/uploads\/2026\/01\/cropped-Logo-noir-baseline-cote-WP-2.png","contentUrl":"https:\/\/www.arteva.fr\/wp-content\/uploads\/2026\/01\/cropped-Logo-noir-baseline-cote-WP-2.png","width":626,"height":115,"caption":"Art\u00e9va"},"image":{"@id":"https:\/\/www.arteva.fr\/es\/#\/schema\/logo\/image\/"}}]}},"_links":{"self":[{"href":"https:\/\/www.arteva.fr\/es\/wp-json\/wp\/v2\/pages\/4796","targetHints":{"allow":["GET"]}}],"collection":[{"href":"https:\/\/www.arteva.fr\/es\/wp-json\/wp\/v2\/pages"}],"about":[{"href":"https:\/\/www.arteva.fr\/es\/wp-json\/wp\/v2\/types\/page"}],"author":[{"embeddable":true,"href":"https:\/\/www.arteva.fr\/es\/wp-json\/wp\/v2\/users\/1"}],"replies":[{"embeddable":true,"href":"https:\/\/www.arteva.fr\/es\/wp-json\/wp\/v2\/comments?post=4796"}],"version-history":[{"count":2,"href":"https:\/\/www.arteva.fr\/es\/wp-json\/wp\/v2\/pages\/4796\/revisions"}],"predecessor-version":[{"id":14723,"href":"https:\/\/www.arteva.fr\/es\/wp-json\/wp\/v2\/pages\/4796\/revisions\/14723"}],"wp:featuredmedia":[{"embeddable":true,"href":"https:\/\/www.arteva.fr\/es\/wp-json\/wp\/v2\/media\/3937"}],"wp:attachment":[{"href":"https:\/\/www.arteva.fr\/es\/wp-json\/wp\/v2\/media?parent=4796"}],"curies":[{"name":"wp","href":"https:\/\/api.w.org\/{rel}","templated":true}]}}