{"id":4695,"date":"2024-07-30T11:38:34","date_gmt":"2024-07-30T09:38:34","guid":{"rendered":"https:\/\/preprod.arteva.fr\/servicios\/asesoramiento-acompanamiento\/formation-reforme-fiscale\/"},"modified":"2024-10-25T13:59:18","modified_gmt":"2024-10-25T11:59:18","slug":"formacion-reforma-fiscal","status":"publish","type":"page","link":"https:\/\/www.arteva.fr\/es\/servicios\/asesoramiento-acompanamiento-cumplimiento-reforma-fiscal\/formacion-reforma-fiscal\/","title":{"rendered":"Formaci\u00f3n reforma fiscal"},"content":{"rendered":"","protected":false},"excerpt":{"rendered":"<p> [&#8230;]<\/p>\n<p><a class=\"btn btn-secondary understrap-read-more-link\" href=\"https:\/\/www.arteva.fr\/es\/servicios\/asesoramiento-acompanamiento-cumplimiento-reforma-fiscal\/formacion-reforma-fiscal\/\">Leer m\u00e1s&#8230;<span class=\"screen-reader-text\"> from Formaci\u00f3n reforma fiscal<\/span><\/a><\/p>\n","protected":false},"author":2,"featured_media":4696,"parent":4672,"menu_order":0,"comment_status":"closed","ping_status":"closed","template":"page-templates\/builder.php","meta":{"_acf_changed":false,"footnotes":""},"class_list":["post-4695","page","type-page","status-publish","has-post-thumbnail","hentry"],"acf":[],"yoast_head":"<!-- This site is optimized with the Yoast SEO plugin v26.5 - https:\/\/yoast.com\/wordpress\/plugins\/seo\/ -->\n<title>Capacitaci\u00f3n y apoyo a la reforma tributaria | Arteva<\/title>\n<meta name=\"description\" content=\"Reforma Fiscal: Art\u00e9va te da mayor autonom\u00eda y te permite estar r\u00e1pidamente operativo ofreci\u00e9ndote formaci\u00f3n.\" \/>\n<meta name=\"robots\" content=\"index, follow, max-snippet:-1, max-image-preview:large, max-video-preview:-1\" \/>\n<link rel=\"canonical\" href=\"https:\/\/www.arteva.fr\/es\/servicios\/asesoramiento-acompanamiento-cumplimiento-reforma-fiscal\/formacion-reforma-fiscal\/\" \/>\n<meta property=\"og:locale\" content=\"es_ES\" \/>\n<meta property=\"og:type\" content=\"article\" \/>\n<meta property=\"og:title\" content=\"Capacitaci\u00f3n y apoyo a la reforma tributaria | Arteva\" \/>\n<meta property=\"og:description\" content=\"Reforma Fiscal: Art\u00e9va te da mayor autonom\u00eda y te permite estar r\u00e1pidamente operativo ofreci\u00e9ndote formaci\u00f3n.\" \/>\n<meta property=\"og:url\" content=\"https:\/\/www.arteva.fr\/es\/servicios\/asesoramiento-acompanamiento-cumplimiento-reforma-fiscal\/formacion-reforma-fiscal\/\" \/>\n<meta property=\"og:site_name\" content=\"Art\u00e9va\" \/>\n<meta property=\"article:modified_time\" content=\"2024-10-25T11:59:18+00:00\" \/>\n<meta property=\"og:image\" content=\"https:\/\/www.arteva.fr\/wp-content\/uploads\/2024\/08\/dematerialisation-factures-1024x1024-4.png\" \/>\n\t<meta property=\"og:image:width\" content=\"1024\" \/>\n\t<meta property=\"og:image:height\" content=\"1024\" \/>\n\t<meta property=\"og:image:type\" content=\"image\/png\" \/>\n<meta name=\"twitter:card\" content=\"summary_large_image\" \/>\n<meta name=\"twitter:label1\" content=\"Tiempo de lectura\" \/>\n\t<meta name=\"twitter:data1\" content=\"4 minutos\" \/>\n<script type=\"application\/ld+json\" class=\"yoast-schema-graph\">{\"@context\":\"https:\/\/schema.org\",\"@graph\":[{\"@type\":\"WebPage\",\"@id\":\"https:\/\/www.arteva.fr\/es\/servicios\/asesoramiento-acompanamiento-cumplimiento-reforma-fiscal\/formacion-reforma-fiscal\/\",\"url\":\"https:\/\/www.arteva.fr\/es\/servicios\/asesoramiento-acompanamiento-cumplimiento-reforma-fiscal\/formacion-reforma-fiscal\/\",\"name\":\"Capacitaci\u00f3n y apoyo a la reforma tributaria | Arteva\",\"isPartOf\":{\"@id\":\"https:\/\/www.arteva.fr\/es\/#website\"},\"primaryImageOfPage\":{\"@id\":\"https:\/\/www.arteva.fr\/es\/servicios\/asesoramiento-acompanamiento-cumplimiento-reforma-fiscal\/formacion-reforma-fiscal\/#primaryimage\"},\"image\":{\"@id\":\"https:\/\/www.arteva.fr\/es\/servicios\/asesoramiento-acompanamiento-cumplimiento-reforma-fiscal\/formacion-reforma-fiscal\/#primaryimage\"},\"thumbnailUrl\":\"https:\/\/www.arteva.fr\/wp-content\/uploads\/2024\/08\/dematerialisation-factures-1024x1024-4.png\",\"datePublished\":\"2024-07-30T09:38:34+00:00\",\"dateModified\":\"2024-10-25T11:59:18+00:00\",\"description\":\"Reforma Fiscal: Art\u00e9va te da mayor autonom\u00eda y te permite estar r\u00e1pidamente operativo ofreci\u00e9ndote formaci\u00f3n.\",\"breadcrumb\":{\"@id\":\"https:\/\/www.arteva.fr\/es\/servicios\/asesoramiento-acompanamiento-cumplimiento-reforma-fiscal\/formacion-reforma-fiscal\/#breadcrumb\"},\"inLanguage\":\"es\",\"potentialAction\":[{\"@type\":\"ReadAction\",\"target\":[\"https:\/\/www.arteva.fr\/es\/servicios\/asesoramiento-acompanamiento-cumplimiento-reforma-fiscal\/formacion-reforma-fiscal\/\"]}]},{\"@type\":\"ImageObject\",\"inLanguage\":\"es\",\"@id\":\"https:\/\/www.arteva.fr\/es\/servicios\/asesoramiento-acompanamiento-cumplimiento-reforma-fiscal\/formacion-reforma-fiscal\/#primaryimage\",\"url\":\"https:\/\/www.arteva.fr\/wp-content\/uploads\/2024\/08\/dematerialisation-factures-1024x1024-4.png\",\"contentUrl\":\"https:\/\/www.arteva.fr\/wp-content\/uploads\/2024\/08\/dematerialisation-factures-1024x1024-4.png\",\"width\":1024,\"height\":1024},{\"@type\":\"BreadcrumbList\",\"@id\":\"https:\/\/www.arteva.fr\/es\/servicios\/asesoramiento-acompanamiento-cumplimiento-reforma-fiscal\/formacion-reforma-fiscal\/#breadcrumb\",\"itemListElement\":[{\"@type\":\"ListItem\",\"position\":1,\"name\":\"Accueil\",\"item\":\"https:\/\/www.arteva.fr\/es\/\"},{\"@type\":\"ListItem\",\"position\":2,\"name\":\"Servicios\",\"item\":\"https:\/\/www.arteva.fr\/es\/servicios\/\"},{\"@type\":\"ListItem\",\"position\":3,\"name\":\"Asesoramiento y acompa\u00f1amiento\",\"item\":\"https:\/\/www.arteva.fr\/es\/servicios\/asesoramiento-acompanamiento-cumplimiento-reforma-fiscal\/\"},{\"@type\":\"ListItem\",\"position\":4,\"name\":\"Formaci\u00f3n reforma fiscal\"}]},{\"@type\":\"WebSite\",\"@id\":\"https:\/\/www.arteva.fr\/es\/#website\",\"url\":\"https:\/\/www.arteva.fr\/es\/\",\"name\":\"Art\u00e9va\",\"description\":\"Connecting business\",\"publisher\":{\"@id\":\"https:\/\/www.arteva.fr\/es\/#organization\"},\"potentialAction\":[{\"@type\":\"SearchAction\",\"target\":{\"@type\":\"EntryPoint\",\"urlTemplate\":\"https:\/\/www.arteva.fr\/es\/?s={search_term_string}\"},\"query-input\":{\"@type\":\"PropertyValueSpecification\",\"valueRequired\":true,\"valueName\":\"search_term_string\"}}],\"inLanguage\":\"es\"},{\"@type\":\"Organization\",\"@id\":\"https:\/\/www.arteva.fr\/es\/#organization\",\"name\":\"Art\u00e9va\",\"url\":\"https:\/\/www.arteva.fr\/es\/\",\"logo\":{\"@type\":\"ImageObject\",\"inLanguage\":\"es\",\"@id\":\"https:\/\/www.arteva.fr\/es\/#\/schema\/logo\/image\/\",\"url\":\"https:\/\/www.arteva.fr\/wp-content\/uploads\/2026\/01\/cropped-Logo-noir-baseline-cote-WP-2.png\",\"contentUrl\":\"https:\/\/www.arteva.fr\/wp-content\/uploads\/2026\/01\/cropped-Logo-noir-baseline-cote-WP-2.png\",\"width\":626,\"height\":115,\"caption\":\"Art\u00e9va\"},\"image\":{\"@id\":\"https:\/\/www.arteva.fr\/es\/#\/schema\/logo\/image\/\"}}]}<\/script>\n<!-- \/ Yoast SEO plugin. -->","yoast_head_json":{"title":"Capacitaci\u00f3n y apoyo a la reforma tributaria | Arteva","description":"Reforma Fiscal: Art\u00e9va te da mayor autonom\u00eda y te permite estar r\u00e1pidamente operativo ofreci\u00e9ndote formaci\u00f3n.","robots":{"index":"index","follow":"follow","max-snippet":"max-snippet:-1","max-image-preview":"max-image-preview:large","max-video-preview":"max-video-preview:-1"},"canonical":"https:\/\/www.arteva.fr\/es\/servicios\/asesoramiento-acompanamiento-cumplimiento-reforma-fiscal\/formacion-reforma-fiscal\/","og_locale":"es_ES","og_type":"article","og_title":"Capacitaci\u00f3n y apoyo a la reforma tributaria | Arteva","og_description":"Reforma Fiscal: Art\u00e9va te da mayor autonom\u00eda y te permite estar r\u00e1pidamente operativo ofreci\u00e9ndote formaci\u00f3n.","og_url":"https:\/\/www.arteva.fr\/es\/servicios\/asesoramiento-acompanamiento-cumplimiento-reforma-fiscal\/formacion-reforma-fiscal\/","og_site_name":"Art\u00e9va","article_modified_time":"2024-10-25T11:59:18+00:00","og_image":[{"width":1024,"height":1024,"url":"https:\/\/www.arteva.fr\/wp-content\/uploads\/2024\/08\/dematerialisation-factures-1024x1024-4.png","type":"image\/png"}],"twitter_card":"summary_large_image","twitter_misc":{"Tiempo de lectura":"4 minutos"},"schema":{"@context":"https:\/\/schema.org","@graph":[{"@type":"WebPage","@id":"https:\/\/www.arteva.fr\/es\/servicios\/asesoramiento-acompanamiento-cumplimiento-reforma-fiscal\/formacion-reforma-fiscal\/","url":"https:\/\/www.arteva.fr\/es\/servicios\/asesoramiento-acompanamiento-cumplimiento-reforma-fiscal\/formacion-reforma-fiscal\/","name":"Capacitaci\u00f3n y apoyo a la reforma tributaria | Arteva","isPartOf":{"@id":"https:\/\/www.arteva.fr\/es\/#website"},"primaryImageOfPage":{"@id":"https:\/\/www.arteva.fr\/es\/servicios\/asesoramiento-acompanamiento-cumplimiento-reforma-fiscal\/formacion-reforma-fiscal\/#primaryimage"},"image":{"@id":"https:\/\/www.arteva.fr\/es\/servicios\/asesoramiento-acompanamiento-cumplimiento-reforma-fiscal\/formacion-reforma-fiscal\/#primaryimage"},"thumbnailUrl":"https:\/\/www.arteva.fr\/wp-content\/uploads\/2024\/08\/dematerialisation-factures-1024x1024-4.png","datePublished":"2024-07-30T09:38:34+00:00","dateModified":"2024-10-25T11:59:18+00:00","description":"Reforma Fiscal: Art\u00e9va te da mayor autonom\u00eda y te permite estar r\u00e1pidamente operativo ofreci\u00e9ndote formaci\u00f3n.","breadcrumb":{"@id":"https:\/\/www.arteva.fr\/es\/servicios\/asesoramiento-acompanamiento-cumplimiento-reforma-fiscal\/formacion-reforma-fiscal\/#breadcrumb"},"inLanguage":"es","potentialAction":[{"@type":"ReadAction","target":["https:\/\/www.arteva.fr\/es\/servicios\/asesoramiento-acompanamiento-cumplimiento-reforma-fiscal\/formacion-reforma-fiscal\/"]}]},{"@type":"ImageObject","inLanguage":"es","@id":"https:\/\/www.arteva.fr\/es\/servicios\/asesoramiento-acompanamiento-cumplimiento-reforma-fiscal\/formacion-reforma-fiscal\/#primaryimage","url":"https:\/\/www.arteva.fr\/wp-content\/uploads\/2024\/08\/dematerialisation-factures-1024x1024-4.png","contentUrl":"https:\/\/www.arteva.fr\/wp-content\/uploads\/2024\/08\/dematerialisation-factures-1024x1024-4.png","width":1024,"height":1024},{"@type":"BreadcrumbList","@id":"https:\/\/www.arteva.fr\/es\/servicios\/asesoramiento-acompanamiento-cumplimiento-reforma-fiscal\/formacion-reforma-fiscal\/#breadcrumb","itemListElement":[{"@type":"ListItem","position":1,"name":"Accueil","item":"https:\/\/www.arteva.fr\/es\/"},{"@type":"ListItem","position":2,"name":"Servicios","item":"https:\/\/www.arteva.fr\/es\/servicios\/"},{"@type":"ListItem","position":3,"name":"Asesoramiento y acompa\u00f1amiento","item":"https:\/\/www.arteva.fr\/es\/servicios\/asesoramiento-acompanamiento-cumplimiento-reforma-fiscal\/"},{"@type":"ListItem","position":4,"name":"Formaci\u00f3n reforma fiscal"}]},{"@type":"WebSite","@id":"https:\/\/www.arteva.fr\/es\/#website","url":"https:\/\/www.arteva.fr\/es\/","name":"Art\u00e9va","description":"Connecting business","publisher":{"@id":"https:\/\/www.arteva.fr\/es\/#organization"},"potentialAction":[{"@type":"SearchAction","target":{"@type":"EntryPoint","urlTemplate":"https:\/\/www.arteva.fr\/es\/?s={search_term_string}"},"query-input":{"@type":"PropertyValueSpecification","valueRequired":true,"valueName":"search_term_string"}}],"inLanguage":"es"},{"@type":"Organization","@id":"https:\/\/www.arteva.fr\/es\/#organization","name":"Art\u00e9va","url":"https:\/\/www.arteva.fr\/es\/","logo":{"@type":"ImageObject","inLanguage":"es","@id":"https:\/\/www.arteva.fr\/es\/#\/schema\/logo\/image\/","url":"https:\/\/www.arteva.fr\/wp-content\/uploads\/2026\/01\/cropped-Logo-noir-baseline-cote-WP-2.png","contentUrl":"https:\/\/www.arteva.fr\/wp-content\/uploads\/2026\/01\/cropped-Logo-noir-baseline-cote-WP-2.png","width":626,"height":115,"caption":"Art\u00e9va"},"image":{"@id":"https:\/\/www.arteva.fr\/es\/#\/schema\/logo\/image\/"}}]}},"_links":{"self":[{"href":"https:\/\/www.arteva.fr\/es\/wp-json\/wp\/v2\/pages\/4695","targetHints":{"allow":["GET"]}}],"collection":[{"href":"https:\/\/www.arteva.fr\/es\/wp-json\/wp\/v2\/pages"}],"about":[{"href":"https:\/\/www.arteva.fr\/es\/wp-json\/wp\/v2\/types\/page"}],"author":[{"embeddable":true,"href":"https:\/\/www.arteva.fr\/es\/wp-json\/wp\/v2\/users\/2"}],"replies":[{"embeddable":true,"href":"https:\/\/www.arteva.fr\/es\/wp-json\/wp\/v2\/comments?post=4695"}],"version-history":[{"count":3,"href":"https:\/\/www.arteva.fr\/es\/wp-json\/wp\/v2\/pages\/4695\/revisions"}],"predecessor-version":[{"id":5910,"href":"https:\/\/www.arteva.fr\/es\/wp-json\/wp\/v2\/pages\/4695\/revisions\/5910"}],"up":[{"embeddable":true,"href":"https:\/\/www.arteva.fr\/es\/wp-json\/wp\/v2\/pages\/4672"}],"wp:featuredmedia":[{"embeddable":true,"href":"https:\/\/www.arteva.fr\/es\/wp-json\/wp\/v2\/media\/4696"}],"wp:attachment":[{"href":"https:\/\/www.arteva.fr\/es\/wp-json\/wp\/v2\/media?parent=4695"}],"curies":[{"name":"wp","href":"https:\/\/api.w.org\/{rel}","templated":true}]}}