{"id":4684,"date":"2024-07-30T11:39:09","date_gmt":"2024-07-30T09:39:09","guid":{"rendered":"https:\/\/preprod.arteva.fr\/servicios\/asesoramiento-acompanamiento\/audit\/"},"modified":"2025-07-04T15:39:42","modified_gmt":"2025-07-04T13:39:42","slug":"auditoria","status":"publish","type":"page","link":"https:\/\/www.arteva.fr\/es\/servicios\/asesoramiento-acompanamiento-cumplimiento-reforma-fiscal\/auditoria\/","title":{"rendered":"Auditor\u00eda"},"content":{"rendered":"","protected":false},"excerpt":{"rendered":"<p> [&#8230;]<\/p>\n<p><a class=\"btn btn-secondary understrap-read-more-link\" href=\"https:\/\/www.arteva.fr\/es\/servicios\/asesoramiento-acompanamiento-cumplimiento-reforma-fiscal\/auditoria\/\">Leer m\u00e1s&#8230;<span class=\"screen-reader-text\"> from Auditor\u00eda<\/span><\/a><\/p>\n","protected":false},"author":2,"featured_media":4686,"parent":4672,"menu_order":0,"comment_status":"closed","ping_status":"closed","template":"page-templates\/builder.php","meta":{"_acf_changed":false,"footnotes":""},"class_list":["post-4684","page","type-page","status-publish","has-post-thumbnail","hentry"],"acf":[],"yoast_head":"<!-- This site is optimized with the Yoast SEO plugin v27.4 - https:\/\/yoast.com\/product\/yoast-seo-wordpress\/ -->\n<title>Auditor\u00eda - Reforma Fiscal | Art\u00e9va<\/title>\n<meta name=\"description\" content=\"Auditor\u00eda Art\u00e9va: Nuestros especialistas realizan un an\u00e1lisis del impacto de la reforma fiscal en sus procesos de facturaci\u00f3n de compras y ventas.\" \/>\n<meta name=\"robots\" content=\"index, follow, max-snippet:-1, max-image-preview:large, max-video-preview:-1\" \/>\n<link rel=\"canonical\" href=\"https:\/\/www.arteva.fr\/es\/servicios\/asesoramiento-acompanamiento-cumplimiento-reforma-fiscal\/auditoria\/\" \/>\n<meta property=\"og:locale\" content=\"es_ES\" \/>\n<meta property=\"og:type\" content=\"article\" \/>\n<meta property=\"og:title\" content=\"Auditor\u00eda - Reforma Fiscal | Art\u00e9va\" \/>\n<meta property=\"og:description\" content=\"Auditor\u00eda Art\u00e9va: Nuestros especialistas realizan un an\u00e1lisis del impacto de la reforma fiscal en sus procesos de facturaci\u00f3n de compras y ventas.\" \/>\n<meta property=\"og:url\" content=\"https:\/\/www.arteva.fr\/es\/servicios\/asesoramiento-acompanamiento-cumplimiento-reforma-fiscal\/auditoria\/\" \/>\n<meta property=\"og:site_name\" content=\"Art\u00e9va\" \/>\n<meta property=\"article:modified_time\" content=\"2025-07-04T13:39:42+00:00\" \/>\n<meta property=\"og:image\" content=\"https:\/\/www.arteva.fr\/wp-content\/uploads\/2024\/08\/audit-redorme-fiscale-1024x1024-1.png\" \/>\n\t<meta property=\"og:image:width\" content=\"1024\" \/>\n\t<meta property=\"og:image:height\" content=\"1024\" \/>\n\t<meta property=\"og:image:type\" content=\"image\/png\" \/>\n<meta name=\"twitter:card\" content=\"summary_large_image\" \/>\n<meta name=\"twitter:label1\" content=\"Tiempo de lectura\" \/>\n\t<meta name=\"twitter:data1\" content=\"5 minutos\" \/>\n<script type=\"application\/ld+json\" class=\"yoast-schema-graph\">{\"@context\":\"https:\\\/\\\/schema.org\",\"@graph\":[{\"@type\":\"WebPage\",\"@id\":\"https:\\\/\\\/www.arteva.fr\\\/es\\\/servicios\\\/asesoramiento-acompanamiento-cumplimiento-reforma-fiscal\\\/auditoria\\\/\",\"url\":\"https:\\\/\\\/www.arteva.fr\\\/es\\\/servicios\\\/asesoramiento-acompanamiento-cumplimiento-reforma-fiscal\\\/auditoria\\\/\",\"name\":\"Auditor\u00eda - Reforma Fiscal | Art\u00e9va\",\"isPartOf\":{\"@id\":\"https:\\\/\\\/www.arteva.fr\\\/es\\\/#website\"},\"primaryImageOfPage\":{\"@id\":\"https:\\\/\\\/www.arteva.fr\\\/es\\\/servicios\\\/asesoramiento-acompanamiento-cumplimiento-reforma-fiscal\\\/auditoria\\\/#primaryimage\"},\"image\":{\"@id\":\"https:\\\/\\\/www.arteva.fr\\\/es\\\/servicios\\\/asesoramiento-acompanamiento-cumplimiento-reforma-fiscal\\\/auditoria\\\/#primaryimage\"},\"thumbnailUrl\":\"https:\\\/\\\/www.arteva.fr\\\/wp-content\\\/uploads\\\/2024\\\/08\\\/audit-redorme-fiscale-1024x1024-1.png\",\"datePublished\":\"2024-07-30T09:39:09+00:00\",\"dateModified\":\"2025-07-04T13:39:42+00:00\",\"description\":\"Auditor\u00eda Art\u00e9va: Nuestros especialistas realizan un an\u00e1lisis del impacto de la reforma fiscal en sus procesos de facturaci\u00f3n de compras y ventas.\",\"breadcrumb\":{\"@id\":\"https:\\\/\\\/www.arteva.fr\\\/es\\\/servicios\\\/asesoramiento-acompanamiento-cumplimiento-reforma-fiscal\\\/auditoria\\\/#breadcrumb\"},\"inLanguage\":\"es\",\"potentialAction\":[{\"@type\":\"ReadAction\",\"target\":[\"https:\\\/\\\/www.arteva.fr\\\/es\\\/servicios\\\/asesoramiento-acompanamiento-cumplimiento-reforma-fiscal\\\/auditoria\\\/\"]}]},{\"@type\":\"ImageObject\",\"inLanguage\":\"es\",\"@id\":\"https:\\\/\\\/www.arteva.fr\\\/es\\\/servicios\\\/asesoramiento-acompanamiento-cumplimiento-reforma-fiscal\\\/auditoria\\\/#primaryimage\",\"url\":\"https:\\\/\\\/www.arteva.fr\\\/wp-content\\\/uploads\\\/2024\\\/08\\\/audit-redorme-fiscale-1024x1024-1.png\",\"contentUrl\":\"https:\\\/\\\/www.arteva.fr\\\/wp-content\\\/uploads\\\/2024\\\/08\\\/audit-redorme-fiscale-1024x1024-1.png\",\"width\":1024,\"height\":1024},{\"@type\":\"BreadcrumbList\",\"@id\":\"https:\\\/\\\/www.arteva.fr\\\/es\\\/servicios\\\/asesoramiento-acompanamiento-cumplimiento-reforma-fiscal\\\/auditoria\\\/#breadcrumb\",\"itemListElement\":[{\"@type\":\"ListItem\",\"position\":1,\"name\":\"Accueil\",\"item\":\"https:\\\/\\\/www.arteva.fr\\\/es\\\/\"},{\"@type\":\"ListItem\",\"position\":2,\"name\":\"Servicios\",\"item\":\"https:\\\/\\\/www.arteva.fr\\\/es\\\/servicios\\\/\"},{\"@type\":\"ListItem\",\"position\":3,\"name\":\"Asesoramiento y acompa\u00f1amiento\",\"item\":\"https:\\\/\\\/www.arteva.fr\\\/es\\\/servicios\\\/asesoramiento-acompanamiento-cumplimiento-reforma-fiscal\\\/\"},{\"@type\":\"ListItem\",\"position\":4,\"name\":\"Auditor\u00eda\"}]},{\"@type\":\"WebSite\",\"@id\":\"https:\\\/\\\/www.arteva.fr\\\/es\\\/#website\",\"url\":\"https:\\\/\\\/www.arteva.fr\\\/es\\\/\",\"name\":\"Art\u00e9va\",\"description\":\"Connecting business\",\"publisher\":{\"@id\":\"https:\\\/\\\/www.arteva.fr\\\/es\\\/#organization\"},\"potentialAction\":[{\"@type\":\"SearchAction\",\"target\":{\"@type\":\"EntryPoint\",\"urlTemplate\":\"https:\\\/\\\/www.arteva.fr\\\/es\\\/?s={search_term_string}\"},\"query-input\":{\"@type\":\"PropertyValueSpecification\",\"valueRequired\":true,\"valueName\":\"search_term_string\"}}],\"inLanguage\":\"es\"},{\"@type\":\"Organization\",\"@id\":\"https:\\\/\\\/www.arteva.fr\\\/es\\\/#organization\",\"name\":\"Art\u00e9va\",\"url\":\"https:\\\/\\\/www.arteva.fr\\\/es\\\/\",\"logo\":{\"@type\":\"ImageObject\",\"inLanguage\":\"es\",\"@id\":\"https:\\\/\\\/www.arteva.fr\\\/es\\\/#\\\/schema\\\/logo\\\/image\\\/\",\"url\":\"https:\\\/\\\/www.arteva.fr\\\/wp-content\\\/uploads\\\/2026\\\/01\\\/cropped-Logo-noir-baseline-cote-WP-2.png\",\"contentUrl\":\"https:\\\/\\\/www.arteva.fr\\\/wp-content\\\/uploads\\\/2026\\\/01\\\/cropped-Logo-noir-baseline-cote-WP-2.png\",\"width\":626,\"height\":115,\"caption\":\"Art\u00e9va\"},\"image\":{\"@id\":\"https:\\\/\\\/www.arteva.fr\\\/es\\\/#\\\/schema\\\/logo\\\/image\\\/\"}}]}<\/script>\n<!-- \/ Yoast SEO plugin. -->","yoast_head_json":{"title":"Auditor\u00eda - Reforma Fiscal | Art\u00e9va","description":"Auditor\u00eda Art\u00e9va: Nuestros especialistas realizan un an\u00e1lisis del impacto de la reforma fiscal en sus procesos de facturaci\u00f3n de compras y ventas.","robots":{"index":"index","follow":"follow","max-snippet":"max-snippet:-1","max-image-preview":"max-image-preview:large","max-video-preview":"max-video-preview:-1"},"canonical":"https:\/\/www.arteva.fr\/es\/servicios\/asesoramiento-acompanamiento-cumplimiento-reforma-fiscal\/auditoria\/","og_locale":"es_ES","og_type":"article","og_title":"Auditor\u00eda - Reforma Fiscal | Art\u00e9va","og_description":"Auditor\u00eda Art\u00e9va: Nuestros especialistas realizan un an\u00e1lisis del impacto de la reforma fiscal en sus procesos de facturaci\u00f3n de compras y ventas.","og_url":"https:\/\/www.arteva.fr\/es\/servicios\/asesoramiento-acompanamiento-cumplimiento-reforma-fiscal\/auditoria\/","og_site_name":"Art\u00e9va","article_modified_time":"2025-07-04T13:39:42+00:00","og_image":[{"width":1024,"height":1024,"url":"https:\/\/www.arteva.fr\/wp-content\/uploads\/2024\/08\/audit-redorme-fiscale-1024x1024-1.png","type":"image\/png"}],"twitter_card":"summary_large_image","twitter_misc":{"Tiempo de lectura":"5 minutos"},"schema":{"@context":"https:\/\/schema.org","@graph":[{"@type":"WebPage","@id":"https:\/\/www.arteva.fr\/es\/servicios\/asesoramiento-acompanamiento-cumplimiento-reforma-fiscal\/auditoria\/","url":"https:\/\/www.arteva.fr\/es\/servicios\/asesoramiento-acompanamiento-cumplimiento-reforma-fiscal\/auditoria\/","name":"Auditor\u00eda - Reforma Fiscal | Art\u00e9va","isPartOf":{"@id":"https:\/\/www.arteva.fr\/es\/#website"},"primaryImageOfPage":{"@id":"https:\/\/www.arteva.fr\/es\/servicios\/asesoramiento-acompanamiento-cumplimiento-reforma-fiscal\/auditoria\/#primaryimage"},"image":{"@id":"https:\/\/www.arteva.fr\/es\/servicios\/asesoramiento-acompanamiento-cumplimiento-reforma-fiscal\/auditoria\/#primaryimage"},"thumbnailUrl":"https:\/\/www.arteva.fr\/wp-content\/uploads\/2024\/08\/audit-redorme-fiscale-1024x1024-1.png","datePublished":"2024-07-30T09:39:09+00:00","dateModified":"2025-07-04T13:39:42+00:00","description":"Auditor\u00eda Art\u00e9va: Nuestros especialistas realizan un an\u00e1lisis del impacto de la reforma fiscal en sus procesos de facturaci\u00f3n de compras y ventas.","breadcrumb":{"@id":"https:\/\/www.arteva.fr\/es\/servicios\/asesoramiento-acompanamiento-cumplimiento-reforma-fiscal\/auditoria\/#breadcrumb"},"inLanguage":"es","potentialAction":[{"@type":"ReadAction","target":["https:\/\/www.arteva.fr\/es\/servicios\/asesoramiento-acompanamiento-cumplimiento-reforma-fiscal\/auditoria\/"]}]},{"@type":"ImageObject","inLanguage":"es","@id":"https:\/\/www.arteva.fr\/es\/servicios\/asesoramiento-acompanamiento-cumplimiento-reforma-fiscal\/auditoria\/#primaryimage","url":"https:\/\/www.arteva.fr\/wp-content\/uploads\/2024\/08\/audit-redorme-fiscale-1024x1024-1.png","contentUrl":"https:\/\/www.arteva.fr\/wp-content\/uploads\/2024\/08\/audit-redorme-fiscale-1024x1024-1.png","width":1024,"height":1024},{"@type":"BreadcrumbList","@id":"https:\/\/www.arteva.fr\/es\/servicios\/asesoramiento-acompanamiento-cumplimiento-reforma-fiscal\/auditoria\/#breadcrumb","itemListElement":[{"@type":"ListItem","position":1,"name":"Accueil","item":"https:\/\/www.arteva.fr\/es\/"},{"@type":"ListItem","position":2,"name":"Servicios","item":"https:\/\/www.arteva.fr\/es\/servicios\/"},{"@type":"ListItem","position":3,"name":"Asesoramiento y acompa\u00f1amiento","item":"https:\/\/www.arteva.fr\/es\/servicios\/asesoramiento-acompanamiento-cumplimiento-reforma-fiscal\/"},{"@type":"ListItem","position":4,"name":"Auditor\u00eda"}]},{"@type":"WebSite","@id":"https:\/\/www.arteva.fr\/es\/#website","url":"https:\/\/www.arteva.fr\/es\/","name":"Art\u00e9va","description":"Connecting business","publisher":{"@id":"https:\/\/www.arteva.fr\/es\/#organization"},"potentialAction":[{"@type":"SearchAction","target":{"@type":"EntryPoint","urlTemplate":"https:\/\/www.arteva.fr\/es\/?s={search_term_string}"},"query-input":{"@type":"PropertyValueSpecification","valueRequired":true,"valueName":"search_term_string"}}],"inLanguage":"es"},{"@type":"Organization","@id":"https:\/\/www.arteva.fr\/es\/#organization","name":"Art\u00e9va","url":"https:\/\/www.arteva.fr\/es\/","logo":{"@type":"ImageObject","inLanguage":"es","@id":"https:\/\/www.arteva.fr\/es\/#\/schema\/logo\/image\/","url":"https:\/\/www.arteva.fr\/wp-content\/uploads\/2026\/01\/cropped-Logo-noir-baseline-cote-WP-2.png","contentUrl":"https:\/\/www.arteva.fr\/wp-content\/uploads\/2026\/01\/cropped-Logo-noir-baseline-cote-WP-2.png","width":626,"height":115,"caption":"Art\u00e9va"},"image":{"@id":"https:\/\/www.arteva.fr\/es\/#\/schema\/logo\/image\/"}}]}},"_links":{"self":[{"href":"https:\/\/www.arteva.fr\/es\/wp-json\/wp\/v2\/pages\/4684","targetHints":{"allow":["GET"]}}],"collection":[{"href":"https:\/\/www.arteva.fr\/es\/wp-json\/wp\/v2\/pages"}],"about":[{"href":"https:\/\/www.arteva.fr\/es\/wp-json\/wp\/v2\/types\/page"}],"author":[{"embeddable":true,"href":"https:\/\/www.arteva.fr\/es\/wp-json\/wp\/v2\/users\/2"}],"replies":[{"embeddable":true,"href":"https:\/\/www.arteva.fr\/es\/wp-json\/wp\/v2\/comments?post=4684"}],"version-history":[{"count":4,"href":"https:\/\/www.arteva.fr\/es\/wp-json\/wp\/v2\/pages\/4684\/revisions"}],"predecessor-version":[{"id":14661,"href":"https:\/\/www.arteva.fr\/es\/wp-json\/wp\/v2\/pages\/4684\/revisions\/14661"}],"up":[{"embeddable":true,"href":"https:\/\/www.arteva.fr\/es\/wp-json\/wp\/v2\/pages\/4672"}],"wp:featuredmedia":[{"embeddable":true,"href":"https:\/\/www.arteva.fr\/es\/wp-json\/wp\/v2\/media\/4686"}],"wp:attachment":[{"href":"https:\/\/www.arteva.fr\/es\/wp-json\/wp\/v2\/media?parent=4684"}],"curies":[{"name":"wp","href":"https:\/\/api.w.org\/{rel}","templated":true}]}}