{"id":4549,"date":"2024-08-02T16:29:01","date_gmt":"2024-08-02T14:29:01","guid":{"rendered":"https:\/\/preprod.arteva.fr\/sector-actividad\/construccion-y-bricolaje\/edi-bricomarche\/"},"modified":"2025-07-04T11:28:39","modified_gmt":"2025-07-04T09:28:39","slug":"edi-bricomarche","status":"publish","type":"page","link":"https:\/\/www.arteva.fr\/es\/sector-actividad\/construccion-y-bricolaje\/edi-bricomarche\/","title":{"rendered":"EDI Bricomarch\u00e9"},"content":{"rendered":"","protected":false},"excerpt":{"rendered":"<p> [&#8230;]<\/p>\n<p><a class=\"btn btn-secondary understrap-read-more-link\" href=\"https:\/\/www.arteva.fr\/es\/sector-actividad\/construccion-y-bricolaje\/edi-bricomarche\/\">Leer m\u00e1s&#8230;<span class=\"screen-reader-text\"> from EDI Bricomarch\u00e9<\/span><\/a><\/p>\n","protected":false},"author":2,"featured_media":0,"parent":4527,"menu_order":0,"comment_status":"closed","ping_status":"closed","template":"page-templates\/secteuractivite.php","meta":{"_acf_changed":false,"footnotes":""},"class_list":["post-4549","page","type-page","status-publish","hentry"],"acf":[],"yoast_head":"<!-- This site is optimized with the Yoast SEO plugin v26.5 - https:\/\/yoast.com\/wordpress\/plugins\/seo\/ -->\n<title>Soluci\u00f3n EDI para la plataforma B2B - EDI Bricomarch\u00e9 | Art\u00e9va<\/title>\n<meta name=\"description\" content=\"Art\u00e9va conecta su sistema de informaci\u00f3n a la plataforma EDI Bricomarch\u00e9 para automatizar sus intercambios de datos B2B\" \/>\n<meta name=\"robots\" content=\"index, follow, max-snippet:-1, max-image-preview:large, max-video-preview:-1\" \/>\n<link rel=\"canonical\" href=\"https:\/\/www.arteva.fr\/es\/sector-actividad\/construccion-y-bricolaje\/edi-bricomarche\/\" \/>\n<meta property=\"og:locale\" content=\"es_ES\" \/>\n<meta property=\"og:type\" content=\"article\" \/>\n<meta property=\"og:title\" content=\"Soluci\u00f3n EDI para la plataforma B2B - EDI Bricomarch\u00e9 | Art\u00e9va\" \/>\n<meta property=\"og:description\" content=\"Art\u00e9va conecta su sistema de informaci\u00f3n a la plataforma EDI Bricomarch\u00e9 para automatizar sus intercambios de datos B2B\" \/>\n<meta property=\"og:url\" content=\"https:\/\/www.arteva.fr\/es\/sector-actividad\/construccion-y-bricolaje\/edi-bricomarche\/\" \/>\n<meta property=\"og:site_name\" content=\"Art\u00e9va\" \/>\n<meta property=\"article:modified_time\" content=\"2025-07-04T09:28:39+00:00\" \/>\n<meta name=\"twitter:card\" content=\"summary_large_image\" \/>\n<meta name=\"twitter:label1\" content=\"Tiempo de lectura\" \/>\n\t<meta name=\"twitter:data1\" content=\"2 minutos\" \/>\n<script type=\"application\/ld+json\" class=\"yoast-schema-graph\">{\"@context\":\"https:\/\/schema.org\",\"@graph\":[{\"@type\":\"WebPage\",\"@id\":\"https:\/\/www.arteva.fr\/es\/sector-actividad\/construccion-y-bricolaje\/edi-bricomarche\/\",\"url\":\"https:\/\/www.arteva.fr\/es\/sector-actividad\/construccion-y-bricolaje\/edi-bricomarche\/\",\"name\":\"Soluci\u00f3n EDI para la plataforma B2B - EDI Bricomarch\u00e9 | Art\u00e9va\",\"isPartOf\":{\"@id\":\"https:\/\/www.arteva.fr\/es\/#website\"},\"datePublished\":\"2024-08-02T14:29:01+00:00\",\"dateModified\":\"2025-07-04T09:28:39+00:00\",\"description\":\"Art\u00e9va conecta su sistema de informaci\u00f3n a la plataforma EDI Bricomarch\u00e9 para automatizar sus intercambios de datos B2B\",\"breadcrumb\":{\"@id\":\"https:\/\/www.arteva.fr\/es\/sector-actividad\/construccion-y-bricolaje\/edi-bricomarche\/#breadcrumb\"},\"inLanguage\":\"es\",\"potentialAction\":[{\"@type\":\"ReadAction\",\"target\":[\"https:\/\/www.arteva.fr\/es\/sector-actividad\/construccion-y-bricolaje\/edi-bricomarche\/\"]}]},{\"@type\":\"BreadcrumbList\",\"@id\":\"https:\/\/www.arteva.fr\/es\/sector-actividad\/construccion-y-bricolaje\/edi-bricomarche\/#breadcrumb\",\"itemListElement\":[{\"@type\":\"ListItem\",\"position\":1,\"name\":\"Accueil\",\"item\":\"https:\/\/www.arteva.fr\/es\/\"},{\"@type\":\"ListItem\",\"position\":2,\"name\":\"Sector de actividad\",\"item\":\"https:\/\/www.arteva.fr\/es\/sector-actividad\/\"},{\"@type\":\"ListItem\",\"position\":3,\"name\":\"Construcci\u00f3n y bricolaje\",\"item\":\"https:\/\/www.arteva.fr\/es\/sector-actividad\/construccion-y-bricolaje\/\"},{\"@type\":\"ListItem\",\"position\":4,\"name\":\"EDI Bricomarch\u00e9\"}]},{\"@type\":\"WebSite\",\"@id\":\"https:\/\/www.arteva.fr\/es\/#website\",\"url\":\"https:\/\/www.arteva.fr\/es\/\",\"name\":\"Art\u00e9va\",\"description\":\"Connecting business\",\"publisher\":{\"@id\":\"https:\/\/www.arteva.fr\/es\/#organization\"},\"potentialAction\":[{\"@type\":\"SearchAction\",\"target\":{\"@type\":\"EntryPoint\",\"urlTemplate\":\"https:\/\/www.arteva.fr\/es\/?s={search_term_string}\"},\"query-input\":{\"@type\":\"PropertyValueSpecification\",\"valueRequired\":true,\"valueName\":\"search_term_string\"}}],\"inLanguage\":\"es\"},{\"@type\":\"Organization\",\"@id\":\"https:\/\/www.arteva.fr\/es\/#organization\",\"name\":\"Art\u00e9va\",\"url\":\"https:\/\/www.arteva.fr\/es\/\",\"logo\":{\"@type\":\"ImageObject\",\"inLanguage\":\"es\",\"@id\":\"https:\/\/www.arteva.fr\/es\/#\/schema\/logo\/image\/\",\"url\":\"https:\/\/www.arteva.fr\/wp-content\/uploads\/2026\/01\/cropped-Logo-noir-baseline-cote-WP-2.png\",\"contentUrl\":\"https:\/\/www.arteva.fr\/wp-content\/uploads\/2026\/01\/cropped-Logo-noir-baseline-cote-WP-2.png\",\"width\":626,\"height\":115,\"caption\":\"Art\u00e9va\"},\"image\":{\"@id\":\"https:\/\/www.arteva.fr\/es\/#\/schema\/logo\/image\/\"}}]}<\/script>\n<!-- \/ Yoast SEO plugin. -->","yoast_head_json":{"title":"Soluci\u00f3n EDI para la plataforma B2B - EDI Bricomarch\u00e9 | Art\u00e9va","description":"Art\u00e9va conecta su sistema de informaci\u00f3n a la plataforma EDI Bricomarch\u00e9 para automatizar sus intercambios de datos B2B","robots":{"index":"index","follow":"follow","max-snippet":"max-snippet:-1","max-image-preview":"max-image-preview:large","max-video-preview":"max-video-preview:-1"},"canonical":"https:\/\/www.arteva.fr\/es\/sector-actividad\/construccion-y-bricolaje\/edi-bricomarche\/","og_locale":"es_ES","og_type":"article","og_title":"Soluci\u00f3n EDI para la plataforma B2B - EDI Bricomarch\u00e9 | Art\u00e9va","og_description":"Art\u00e9va conecta su sistema de informaci\u00f3n a la plataforma EDI Bricomarch\u00e9 para automatizar sus intercambios de datos B2B","og_url":"https:\/\/www.arteva.fr\/es\/sector-actividad\/construccion-y-bricolaje\/edi-bricomarche\/","og_site_name":"Art\u00e9va","article_modified_time":"2025-07-04T09:28:39+00:00","twitter_card":"summary_large_image","twitter_misc":{"Tiempo de lectura":"2 minutos"},"schema":{"@context":"https:\/\/schema.org","@graph":[{"@type":"WebPage","@id":"https:\/\/www.arteva.fr\/es\/sector-actividad\/construccion-y-bricolaje\/edi-bricomarche\/","url":"https:\/\/www.arteva.fr\/es\/sector-actividad\/construccion-y-bricolaje\/edi-bricomarche\/","name":"Soluci\u00f3n EDI para la plataforma B2B - EDI Bricomarch\u00e9 | Art\u00e9va","isPartOf":{"@id":"https:\/\/www.arteva.fr\/es\/#website"},"datePublished":"2024-08-02T14:29:01+00:00","dateModified":"2025-07-04T09:28:39+00:00","description":"Art\u00e9va conecta su sistema de informaci\u00f3n a la plataforma EDI Bricomarch\u00e9 para automatizar sus intercambios de datos B2B","breadcrumb":{"@id":"https:\/\/www.arteva.fr\/es\/sector-actividad\/construccion-y-bricolaje\/edi-bricomarche\/#breadcrumb"},"inLanguage":"es","potentialAction":[{"@type":"ReadAction","target":["https:\/\/www.arteva.fr\/es\/sector-actividad\/construccion-y-bricolaje\/edi-bricomarche\/"]}]},{"@type":"BreadcrumbList","@id":"https:\/\/www.arteva.fr\/es\/sector-actividad\/construccion-y-bricolaje\/edi-bricomarche\/#breadcrumb","itemListElement":[{"@type":"ListItem","position":1,"name":"Accueil","item":"https:\/\/www.arteva.fr\/es\/"},{"@type":"ListItem","position":2,"name":"Sector de actividad","item":"https:\/\/www.arteva.fr\/es\/sector-actividad\/"},{"@type":"ListItem","position":3,"name":"Construcci\u00f3n y bricolaje","item":"https:\/\/www.arteva.fr\/es\/sector-actividad\/construccion-y-bricolaje\/"},{"@type":"ListItem","position":4,"name":"EDI Bricomarch\u00e9"}]},{"@type":"WebSite","@id":"https:\/\/www.arteva.fr\/es\/#website","url":"https:\/\/www.arteva.fr\/es\/","name":"Art\u00e9va","description":"Connecting business","publisher":{"@id":"https:\/\/www.arteva.fr\/es\/#organization"},"potentialAction":[{"@type":"SearchAction","target":{"@type":"EntryPoint","urlTemplate":"https:\/\/www.arteva.fr\/es\/?s={search_term_string}"},"query-input":{"@type":"PropertyValueSpecification","valueRequired":true,"valueName":"search_term_string"}}],"inLanguage":"es"},{"@type":"Organization","@id":"https:\/\/www.arteva.fr\/es\/#organization","name":"Art\u00e9va","url":"https:\/\/www.arteva.fr\/es\/","logo":{"@type":"ImageObject","inLanguage":"es","@id":"https:\/\/www.arteva.fr\/es\/#\/schema\/logo\/image\/","url":"https:\/\/www.arteva.fr\/wp-content\/uploads\/2026\/01\/cropped-Logo-noir-baseline-cote-WP-2.png","contentUrl":"https:\/\/www.arteva.fr\/wp-content\/uploads\/2026\/01\/cropped-Logo-noir-baseline-cote-WP-2.png","width":626,"height":115,"caption":"Art\u00e9va"},"image":{"@id":"https:\/\/www.arteva.fr\/es\/#\/schema\/logo\/image\/"}}]}},"_links":{"self":[{"href":"https:\/\/www.arteva.fr\/es\/wp-json\/wp\/v2\/pages\/4549","targetHints":{"allow":["GET"]}}],"collection":[{"href":"https:\/\/www.arteva.fr\/es\/wp-json\/wp\/v2\/pages"}],"about":[{"href":"https:\/\/www.arteva.fr\/es\/wp-json\/wp\/v2\/types\/page"}],"author":[{"embeddable":true,"href":"https:\/\/www.arteva.fr\/es\/wp-json\/wp\/v2\/users\/2"}],"replies":[{"embeddable":true,"href":"https:\/\/www.arteva.fr\/es\/wp-json\/wp\/v2\/comments?post=4549"}],"version-history":[{"count":3,"href":"https:\/\/www.arteva.fr\/es\/wp-json\/wp\/v2\/pages\/4549\/revisions"}],"predecessor-version":[{"id":8171,"href":"https:\/\/www.arteva.fr\/es\/wp-json\/wp\/v2\/pages\/4549\/revisions\/8171"}],"up":[{"embeddable":true,"href":"https:\/\/www.arteva.fr\/es\/wp-json\/wp\/v2\/pages\/4527"}],"wp:attachment":[{"href":"https:\/\/www.arteva.fr\/es\/wp-json\/wp\/v2\/media?parent=4549"}],"curies":[{"name":"wp","href":"https:\/\/api.w.org\/{rel}","templated":true}]}}