{"id":4006,"date":"2024-08-07T14:06:53","date_gmt":"2024-08-07T12:06:53","guid":{"rendered":"https:\/\/preprod.arteva.fr\/expediente-ley-finanzas\/oesmaterializacion-facturas-clientes\/"},"modified":"2025-07-02T14:08:04","modified_gmt":"2025-07-02T12:08:04","slug":"oesmaterializacion-facturas-clientes","status":"publish","type":"page","link":"https:\/\/www.arteva.fr\/es\/expediente-ley-finanzas\/oesmaterializacion-facturas-clientes\/","title":{"rendered":"Desmaterializaci\u00f3n de facturas de clientes: digitalice su facturaci\u00f3n saliente"},"content":{"rendered":"","protected":false},"excerpt":{"rendered":"<p> [&#8230;]<\/p>\n<p><a class=\"btn btn-secondary understrap-read-more-link\" href=\"https:\/\/www.arteva.fr\/es\/expediente-ley-finanzas\/oesmaterializacion-facturas-clientes\/\">Leer m\u00e1s&#8230;<span class=\"screen-reader-text\"> from Desmaterializaci\u00f3n de facturas de clientes: digitalice su facturaci\u00f3n saliente<\/span><\/a><\/p>\n","protected":false},"author":4,"featured_media":4008,"parent":3979,"menu_order":0,"comment_status":"closed","ping_status":"closed","template":"page-templates\/builder.php","meta":{"_acf_changed":false,"footnotes":""},"class_list":["post-4006","page","type-page","status-publish","has-post-thumbnail","hentry"],"acf":[],"yoast_head":"<!-- This site is optimized with the Yoast SEO plugin v26.5 - https:\/\/yoast.com\/wordpress\/plugins\/seo\/ -->\n<title>Desmaterializaci\u00f3n de facturas de clientes factura saliente I Art\u00e9va<\/title>\n<meta name=\"description\" content=\"Descubra toda la informaci\u00f3n contenida en el expediente de derecho financiero, gracias a la experiencia de Art\u00e9va.\" \/>\n<meta name=\"robots\" content=\"index, follow, max-snippet:-1, max-image-preview:large, max-video-preview:-1\" \/>\n<link rel=\"canonical\" href=\"https:\/\/www.arteva.fr\/es\/expediente-ley-finanzas\/oesmaterializacion-facturas-clientes\/\" \/>\n<meta property=\"og:locale\" content=\"es_ES\" \/>\n<meta property=\"og:type\" content=\"article\" \/>\n<meta property=\"og:title\" content=\"Desmaterializaci\u00f3n de facturas de clientes factura saliente I Art\u00e9va\" \/>\n<meta property=\"og:description\" content=\"Descubra toda la informaci\u00f3n contenida en el expediente de derecho financiero, gracias a la experiencia de Art\u00e9va.\" \/>\n<meta property=\"og:url\" content=\"https:\/\/www.arteva.fr\/es\/expediente-ley-finanzas\/oesmaterializacion-facturas-clientes\/\" \/>\n<meta property=\"og:site_name\" content=\"Art\u00e9va\" \/>\n<meta property=\"article:modified_time\" content=\"2025-07-02T12:08:04+00:00\" \/>\n<meta property=\"og:image\" content=\"https:\/\/www.arteva.fr\/wp-content\/uploads\/2024\/08\/mise-en-conformite-reforme-fiscale-1024x1024-1.png\" \/>\n\t<meta property=\"og:image:width\" content=\"1024\" \/>\n\t<meta property=\"og:image:height\" content=\"1024\" \/>\n\t<meta property=\"og:image:type\" content=\"image\/png\" \/>\n<meta name=\"twitter:card\" content=\"summary_large_image\" \/>\n<meta name=\"twitter:label1\" content=\"Tiempo de lectura\" \/>\n\t<meta name=\"twitter:data1\" content=\"10 minutos\" \/>\n<script type=\"application\/ld+json\" class=\"yoast-schema-graph\">{\"@context\":\"https:\/\/schema.org\",\"@graph\":[{\"@type\":\"WebPage\",\"@id\":\"https:\/\/www.arteva.fr\/es\/expediente-ley-finanzas\/oesmaterializacion-facturas-clientes\/\",\"url\":\"https:\/\/www.arteva.fr\/es\/expediente-ley-finanzas\/oesmaterializacion-facturas-clientes\/\",\"name\":\"Desmaterializaci\u00f3n de facturas de clientes factura saliente I Art\u00e9va\",\"isPartOf\":{\"@id\":\"https:\/\/www.arteva.fr\/es\/#website\"},\"primaryImageOfPage\":{\"@id\":\"https:\/\/www.arteva.fr\/es\/expediente-ley-finanzas\/oesmaterializacion-facturas-clientes\/#primaryimage\"},\"image\":{\"@id\":\"https:\/\/www.arteva.fr\/es\/expediente-ley-finanzas\/oesmaterializacion-facturas-clientes\/#primaryimage\"},\"thumbnailUrl\":\"https:\/\/www.arteva.fr\/wp-content\/uploads\/2024\/08\/mise-en-conformite-reforme-fiscale-1024x1024-1.png\",\"datePublished\":\"2024-08-07T12:06:53+00:00\",\"dateModified\":\"2025-07-02T12:08:04+00:00\",\"description\":\"Descubra toda la informaci\u00f3n contenida en el expediente de derecho financiero, gracias a la experiencia de Art\u00e9va.\",\"breadcrumb\":{\"@id\":\"https:\/\/www.arteva.fr\/es\/expediente-ley-finanzas\/oesmaterializacion-facturas-clientes\/#breadcrumb\"},\"inLanguage\":\"es\",\"potentialAction\":[{\"@type\":\"ReadAction\",\"target\":[\"https:\/\/www.arteva.fr\/es\/expediente-ley-finanzas\/oesmaterializacion-facturas-clientes\/\"]}]},{\"@type\":\"ImageObject\",\"inLanguage\":\"es\",\"@id\":\"https:\/\/www.arteva.fr\/es\/expediente-ley-finanzas\/oesmaterializacion-facturas-clientes\/#primaryimage\",\"url\":\"https:\/\/www.arteva.fr\/wp-content\/uploads\/2024\/08\/mise-en-conformite-reforme-fiscale-1024x1024-1.png\",\"contentUrl\":\"https:\/\/www.arteva.fr\/wp-content\/uploads\/2024\/08\/mise-en-conformite-reforme-fiscale-1024x1024-1.png\",\"width\":1024,\"height\":1024},{\"@type\":\"BreadcrumbList\",\"@id\":\"https:\/\/www.arteva.fr\/es\/expediente-ley-finanzas\/oesmaterializacion-facturas-clientes\/#breadcrumb\",\"itemListElement\":[{\"@type\":\"ListItem\",\"position\":1,\"name\":\"Accueil\",\"item\":\"https:\/\/www.arteva.fr\/es\/\"},{\"@type\":\"ListItem\",\"position\":2,\"name\":\"Ley de Finanzas\",\"item\":\"https:\/\/www.arteva.fr\/es\/expediente-ley-finanzas\/\"},{\"@type\":\"ListItem\",\"position\":3,\"name\":\"Desmaterializaci\u00f3n de facturas de clientes: digitalice su facturaci\u00f3n saliente\"}]},{\"@type\":\"WebSite\",\"@id\":\"https:\/\/www.arteva.fr\/es\/#website\",\"url\":\"https:\/\/www.arteva.fr\/es\/\",\"name\":\"Art\u00e9va\",\"description\":\"Connecting business\",\"publisher\":{\"@id\":\"https:\/\/www.arteva.fr\/es\/#organization\"},\"potentialAction\":[{\"@type\":\"SearchAction\",\"target\":{\"@type\":\"EntryPoint\",\"urlTemplate\":\"https:\/\/www.arteva.fr\/es\/?s={search_term_string}\"},\"query-input\":{\"@type\":\"PropertyValueSpecification\",\"valueRequired\":true,\"valueName\":\"search_term_string\"}}],\"inLanguage\":\"es\"},{\"@type\":\"Organization\",\"@id\":\"https:\/\/www.arteva.fr\/es\/#organization\",\"name\":\"Art\u00e9va\",\"url\":\"https:\/\/www.arteva.fr\/es\/\",\"logo\":{\"@type\":\"ImageObject\",\"inLanguage\":\"es\",\"@id\":\"https:\/\/www.arteva.fr\/es\/#\/schema\/logo\/image\/\",\"url\":\"https:\/\/www.arteva.fr\/wp-content\/uploads\/2026\/01\/cropped-Logo-noir-baseline-cote-WP-2.png\",\"contentUrl\":\"https:\/\/www.arteva.fr\/wp-content\/uploads\/2026\/01\/cropped-Logo-noir-baseline-cote-WP-2.png\",\"width\":626,\"height\":115,\"caption\":\"Art\u00e9va\"},\"image\":{\"@id\":\"https:\/\/www.arteva.fr\/es\/#\/schema\/logo\/image\/\"}}]}<\/script>\n<!-- \/ Yoast SEO plugin. -->","yoast_head_json":{"title":"Desmaterializaci\u00f3n de facturas de clientes factura saliente I Art\u00e9va","description":"Descubra toda la informaci\u00f3n contenida en el expediente de derecho financiero, gracias a la experiencia de Art\u00e9va.","robots":{"index":"index","follow":"follow","max-snippet":"max-snippet:-1","max-image-preview":"max-image-preview:large","max-video-preview":"max-video-preview:-1"},"canonical":"https:\/\/www.arteva.fr\/es\/expediente-ley-finanzas\/oesmaterializacion-facturas-clientes\/","og_locale":"es_ES","og_type":"article","og_title":"Desmaterializaci\u00f3n de facturas de clientes factura saliente I Art\u00e9va","og_description":"Descubra toda la informaci\u00f3n contenida en el expediente de derecho financiero, gracias a la experiencia de Art\u00e9va.","og_url":"https:\/\/www.arteva.fr\/es\/expediente-ley-finanzas\/oesmaterializacion-facturas-clientes\/","og_site_name":"Art\u00e9va","article_modified_time":"2025-07-02T12:08:04+00:00","og_image":[{"width":1024,"height":1024,"url":"https:\/\/www.arteva.fr\/wp-content\/uploads\/2024\/08\/mise-en-conformite-reforme-fiscale-1024x1024-1.png","type":"image\/png"}],"twitter_card":"summary_large_image","twitter_misc":{"Tiempo de lectura":"10 minutos"},"schema":{"@context":"https:\/\/schema.org","@graph":[{"@type":"WebPage","@id":"https:\/\/www.arteva.fr\/es\/expediente-ley-finanzas\/oesmaterializacion-facturas-clientes\/","url":"https:\/\/www.arteva.fr\/es\/expediente-ley-finanzas\/oesmaterializacion-facturas-clientes\/","name":"Desmaterializaci\u00f3n de facturas de clientes factura saliente I Art\u00e9va","isPartOf":{"@id":"https:\/\/www.arteva.fr\/es\/#website"},"primaryImageOfPage":{"@id":"https:\/\/www.arteva.fr\/es\/expediente-ley-finanzas\/oesmaterializacion-facturas-clientes\/#primaryimage"},"image":{"@id":"https:\/\/www.arteva.fr\/es\/expediente-ley-finanzas\/oesmaterializacion-facturas-clientes\/#primaryimage"},"thumbnailUrl":"https:\/\/www.arteva.fr\/wp-content\/uploads\/2024\/08\/mise-en-conformite-reforme-fiscale-1024x1024-1.png","datePublished":"2024-08-07T12:06:53+00:00","dateModified":"2025-07-02T12:08:04+00:00","description":"Descubra toda la informaci\u00f3n contenida en el expediente de derecho financiero, gracias a la experiencia de Art\u00e9va.","breadcrumb":{"@id":"https:\/\/www.arteva.fr\/es\/expediente-ley-finanzas\/oesmaterializacion-facturas-clientes\/#breadcrumb"},"inLanguage":"es","potentialAction":[{"@type":"ReadAction","target":["https:\/\/www.arteva.fr\/es\/expediente-ley-finanzas\/oesmaterializacion-facturas-clientes\/"]}]},{"@type":"ImageObject","inLanguage":"es","@id":"https:\/\/www.arteva.fr\/es\/expediente-ley-finanzas\/oesmaterializacion-facturas-clientes\/#primaryimage","url":"https:\/\/www.arteva.fr\/wp-content\/uploads\/2024\/08\/mise-en-conformite-reforme-fiscale-1024x1024-1.png","contentUrl":"https:\/\/www.arteva.fr\/wp-content\/uploads\/2024\/08\/mise-en-conformite-reforme-fiscale-1024x1024-1.png","width":1024,"height":1024},{"@type":"BreadcrumbList","@id":"https:\/\/www.arteva.fr\/es\/expediente-ley-finanzas\/oesmaterializacion-facturas-clientes\/#breadcrumb","itemListElement":[{"@type":"ListItem","position":1,"name":"Accueil","item":"https:\/\/www.arteva.fr\/es\/"},{"@type":"ListItem","position":2,"name":"Ley de Finanzas","item":"https:\/\/www.arteva.fr\/es\/expediente-ley-finanzas\/"},{"@type":"ListItem","position":3,"name":"Desmaterializaci\u00f3n de facturas de clientes: digitalice su facturaci\u00f3n saliente"}]},{"@type":"WebSite","@id":"https:\/\/www.arteva.fr\/es\/#website","url":"https:\/\/www.arteva.fr\/es\/","name":"Art\u00e9va","description":"Connecting business","publisher":{"@id":"https:\/\/www.arteva.fr\/es\/#organization"},"potentialAction":[{"@type":"SearchAction","target":{"@type":"EntryPoint","urlTemplate":"https:\/\/www.arteva.fr\/es\/?s={search_term_string}"},"query-input":{"@type":"PropertyValueSpecification","valueRequired":true,"valueName":"search_term_string"}}],"inLanguage":"es"},{"@type":"Organization","@id":"https:\/\/www.arteva.fr\/es\/#organization","name":"Art\u00e9va","url":"https:\/\/www.arteva.fr\/es\/","logo":{"@type":"ImageObject","inLanguage":"es","@id":"https:\/\/www.arteva.fr\/es\/#\/schema\/logo\/image\/","url":"https:\/\/www.arteva.fr\/wp-content\/uploads\/2026\/01\/cropped-Logo-noir-baseline-cote-WP-2.png","contentUrl":"https:\/\/www.arteva.fr\/wp-content\/uploads\/2026\/01\/cropped-Logo-noir-baseline-cote-WP-2.png","width":626,"height":115,"caption":"Art\u00e9va"},"image":{"@id":"https:\/\/www.arteva.fr\/es\/#\/schema\/logo\/image\/"}}]}},"_links":{"self":[{"href":"https:\/\/www.arteva.fr\/es\/wp-json\/wp\/v2\/pages\/4006","targetHints":{"allow":["GET"]}}],"collection":[{"href":"https:\/\/www.arteva.fr\/es\/wp-json\/wp\/v2\/pages"}],"about":[{"href":"https:\/\/www.arteva.fr\/es\/wp-json\/wp\/v2\/types\/page"}],"author":[{"embeddable":true,"href":"https:\/\/www.arteva.fr\/es\/wp-json\/wp\/v2\/users\/4"}],"replies":[{"embeddable":true,"href":"https:\/\/www.arteva.fr\/es\/wp-json\/wp\/v2\/comments?post=4006"}],"version-history":[{"count":3,"href":"https:\/\/www.arteva.fr\/es\/wp-json\/wp\/v2\/pages\/4006\/revisions"}],"predecessor-version":[{"id":8082,"href":"https:\/\/www.arteva.fr\/es\/wp-json\/wp\/v2\/pages\/4006\/revisions\/8082"}],"up":[{"embeddable":true,"href":"https:\/\/www.arteva.fr\/es\/wp-json\/wp\/v2\/pages\/3979"}],"wp:featuredmedia":[{"embeddable":true,"href":"https:\/\/www.arteva.fr\/es\/wp-json\/wp\/v2\/media\/4008"}],"wp:attachment":[{"href":"https:\/\/www.arteva.fr\/es\/wp-json\/wp\/v2\/media?parent=4006"}],"curies":[{"name":"wp","href":"https:\/\/api.w.org\/{rel}","templated":true}]}}