{"id":3992,"date":"2024-08-08T10:37:32","date_gmt":"2024-08-08T08:37:32","guid":{"rendered":"https:\/\/preprod.arteva.fr\/expediente-ley-finanzas\/calendrier-de-facturation-electronique-arteva\/"},"modified":"2025-07-02T14:06:33","modified_gmt":"2025-07-02T12:06:33","slug":"calendario-de-factura-electronica-arteva","status":"publish","type":"page","link":"https:\/\/www.arteva.fr\/es\/expediente-ley-finanzas\/calendario-de-factura-electronica-arteva\/","title":{"rendered":"Calendario de factura electr\u00f3nica Art\u00e9va"},"content":{"rendered":"","protected":false},"excerpt":{"rendered":"<p> [&#8230;]<\/p>\n<p><a class=\"btn btn-secondary understrap-read-more-link\" href=\"https:\/\/www.arteva.fr\/es\/expediente-ley-finanzas\/calendario-de-factura-electronica-arteva\/\">Leer m\u00e1s&#8230;<span class=\"screen-reader-text\"> from Calendario de factura electr\u00f3nica Art\u00e9va<\/span><\/a><\/p>\n","protected":false},"author":2,"featured_media":5744,"parent":3979,"menu_order":0,"comment_status":"closed","ping_status":"closed","template":"page-templates\/builder.php","meta":{"_acf_changed":false,"footnotes":""},"class_list":["post-3992","page","type-page","status-publish","has-post-thumbnail","hentry"],"acf":[],"yoast_head":"<!-- This site is optimized with the Yoast SEO plugin v26.5 - https:\/\/yoast.com\/wordpress\/plugins\/seo\/ -->\n<title>Calendario de factura electr\u00f3nica I Art\u00e9va<\/title>\n<meta name=\"description\" content=\"Calendario de factura electr\u00f3nica: Descubre la informaci\u00f3n para anticiparte a la transici\u00f3n de tu empresa a la factura electr\u00f3nica.\" \/>\n<meta name=\"robots\" content=\"index, follow, max-snippet:-1, max-image-preview:large, max-video-preview:-1\" \/>\n<link rel=\"canonical\" href=\"https:\/\/www.arteva.fr\/es\/expediente-ley-finanzas\/calendario-de-factura-electronica-arteva\/\" \/>\n<meta property=\"og:locale\" content=\"es_ES\" \/>\n<meta property=\"og:type\" content=\"article\" \/>\n<meta property=\"og:title\" content=\"Calendario de factura electr\u00f3nica I Art\u00e9va\" \/>\n<meta property=\"og:description\" content=\"Calendario de factura electr\u00f3nica: Descubre la informaci\u00f3n para anticiparte a la transici\u00f3n de tu empresa a la factura electr\u00f3nica.\" \/>\n<meta property=\"og:url\" content=\"https:\/\/www.arteva.fr\/es\/expediente-ley-finanzas\/calendario-de-factura-electronica-arteva\/\" \/>\n<meta property=\"og:site_name\" content=\"Art\u00e9va\" \/>\n<meta property=\"article:modified_time\" content=\"2025-07-02T12:06:33+00:00\" \/>\n<meta property=\"og:image\" content=\"https:\/\/www.arteva.fr\/wp-content\/uploads\/2024\/10\/04659b9d-8bbf-42ad-bc8a-3a249341b1d5.png\" \/>\n\t<meta property=\"og:image:width\" content=\"1024\" \/>\n\t<meta property=\"og:image:height\" content=\"835\" \/>\n\t<meta property=\"og:image:type\" content=\"image\/png\" \/>\n<meta name=\"twitter:card\" content=\"summary_large_image\" \/>\n<meta name=\"twitter:label1\" content=\"Tiempo de lectura\" \/>\n\t<meta name=\"twitter:data1\" content=\"5 minutos\" \/>\n<script type=\"application\/ld+json\" class=\"yoast-schema-graph\">{\"@context\":\"https:\/\/schema.org\",\"@graph\":[{\"@type\":\"WebPage\",\"@id\":\"https:\/\/www.arteva.fr\/es\/expediente-ley-finanzas\/calendario-de-factura-electronica-arteva\/\",\"url\":\"https:\/\/www.arteva.fr\/es\/expediente-ley-finanzas\/calendario-de-factura-electronica-arteva\/\",\"name\":\"Calendario de factura electr\u00f3nica I Art\u00e9va\",\"isPartOf\":{\"@id\":\"https:\/\/www.arteva.fr\/es\/#website\"},\"primaryImageOfPage\":{\"@id\":\"https:\/\/www.arteva.fr\/es\/expediente-ley-finanzas\/calendario-de-factura-electronica-arteva\/#primaryimage\"},\"image\":{\"@id\":\"https:\/\/www.arteva.fr\/es\/expediente-ley-finanzas\/calendario-de-factura-electronica-arteva\/#primaryimage\"},\"thumbnailUrl\":\"https:\/\/www.arteva.fr\/wp-content\/uploads\/2024\/10\/04659b9d-8bbf-42ad-bc8a-3a249341b1d5.png\",\"datePublished\":\"2024-08-08T08:37:32+00:00\",\"dateModified\":\"2025-07-02T12:06:33+00:00\",\"description\":\"Calendario de factura electr\u00f3nica: Descubre la informaci\u00f3n para anticiparte a la transici\u00f3n de tu empresa a la factura electr\u00f3nica.\",\"breadcrumb\":{\"@id\":\"https:\/\/www.arteva.fr\/es\/expediente-ley-finanzas\/calendario-de-factura-electronica-arteva\/#breadcrumb\"},\"inLanguage\":\"es\",\"potentialAction\":[{\"@type\":\"ReadAction\",\"target\":[\"https:\/\/www.arteva.fr\/es\/expediente-ley-finanzas\/calendario-de-factura-electronica-arteva\/\"]}]},{\"@type\":\"ImageObject\",\"inLanguage\":\"es\",\"@id\":\"https:\/\/www.arteva.fr\/es\/expediente-ley-finanzas\/calendario-de-factura-electronica-arteva\/#primaryimage\",\"url\":\"https:\/\/www.arteva.fr\/wp-content\/uploads\/2024\/10\/04659b9d-8bbf-42ad-bc8a-3a249341b1d5.png\",\"contentUrl\":\"https:\/\/www.arteva.fr\/wp-content\/uploads\/2024\/10\/04659b9d-8bbf-42ad-bc8a-3a249341b1d5.png\",\"width\":1024,\"height\":835,\"caption\":\"EDI grande distribution\"},{\"@type\":\"BreadcrumbList\",\"@id\":\"https:\/\/www.arteva.fr\/es\/expediente-ley-finanzas\/calendario-de-factura-electronica-arteva\/#breadcrumb\",\"itemListElement\":[{\"@type\":\"ListItem\",\"position\":1,\"name\":\"Accueil\",\"item\":\"https:\/\/www.arteva.fr\/es\/\"},{\"@type\":\"ListItem\",\"position\":2,\"name\":\"Ley de Finanzas\",\"item\":\"https:\/\/www.arteva.fr\/es\/expediente-ley-finanzas\/\"},{\"@type\":\"ListItem\",\"position\":3,\"name\":\"Calendario de factura electr\u00f3nica Art\u00e9va\"}]},{\"@type\":\"WebSite\",\"@id\":\"https:\/\/www.arteva.fr\/es\/#website\",\"url\":\"https:\/\/www.arteva.fr\/es\/\",\"name\":\"Art\u00e9va\",\"description\":\"Connecting business\",\"publisher\":{\"@id\":\"https:\/\/www.arteva.fr\/es\/#organization\"},\"potentialAction\":[{\"@type\":\"SearchAction\",\"target\":{\"@type\":\"EntryPoint\",\"urlTemplate\":\"https:\/\/www.arteva.fr\/es\/?s={search_term_string}\"},\"query-input\":{\"@type\":\"PropertyValueSpecification\",\"valueRequired\":true,\"valueName\":\"search_term_string\"}}],\"inLanguage\":\"es\"},{\"@type\":\"Organization\",\"@id\":\"https:\/\/www.arteva.fr\/es\/#organization\",\"name\":\"Art\u00e9va\",\"url\":\"https:\/\/www.arteva.fr\/es\/\",\"logo\":{\"@type\":\"ImageObject\",\"inLanguage\":\"es\",\"@id\":\"https:\/\/www.arteva.fr\/es\/#\/schema\/logo\/image\/\",\"url\":\"https:\/\/www.arteva.fr\/wp-content\/uploads\/2026\/01\/cropped-Logo-noir-baseline-cote-WP-2.png\",\"contentUrl\":\"https:\/\/www.arteva.fr\/wp-content\/uploads\/2026\/01\/cropped-Logo-noir-baseline-cote-WP-2.png\",\"width\":626,\"height\":115,\"caption\":\"Art\u00e9va\"},\"image\":{\"@id\":\"https:\/\/www.arteva.fr\/es\/#\/schema\/logo\/image\/\"}}]}<\/script>\n<!-- \/ Yoast SEO plugin. -->","yoast_head_json":{"title":"Calendario de factura electr\u00f3nica I Art\u00e9va","description":"Calendario de factura electr\u00f3nica: Descubre la informaci\u00f3n para anticiparte a la transici\u00f3n de tu empresa a la factura electr\u00f3nica.","robots":{"index":"index","follow":"follow","max-snippet":"max-snippet:-1","max-image-preview":"max-image-preview:large","max-video-preview":"max-video-preview:-1"},"canonical":"https:\/\/www.arteva.fr\/es\/expediente-ley-finanzas\/calendario-de-factura-electronica-arteva\/","og_locale":"es_ES","og_type":"article","og_title":"Calendario de factura electr\u00f3nica I Art\u00e9va","og_description":"Calendario de factura electr\u00f3nica: Descubre la informaci\u00f3n para anticiparte a la transici\u00f3n de tu empresa a la factura electr\u00f3nica.","og_url":"https:\/\/www.arteva.fr\/es\/expediente-ley-finanzas\/calendario-de-factura-electronica-arteva\/","og_site_name":"Art\u00e9va","article_modified_time":"2025-07-02T12:06:33+00:00","og_image":[{"width":1024,"height":835,"url":"https:\/\/www.arteva.fr\/wp-content\/uploads\/2024\/10\/04659b9d-8bbf-42ad-bc8a-3a249341b1d5.png","type":"image\/png"}],"twitter_card":"summary_large_image","twitter_misc":{"Tiempo de lectura":"5 minutos"},"schema":{"@context":"https:\/\/schema.org","@graph":[{"@type":"WebPage","@id":"https:\/\/www.arteva.fr\/es\/expediente-ley-finanzas\/calendario-de-factura-electronica-arteva\/","url":"https:\/\/www.arteva.fr\/es\/expediente-ley-finanzas\/calendario-de-factura-electronica-arteva\/","name":"Calendario de factura electr\u00f3nica I Art\u00e9va","isPartOf":{"@id":"https:\/\/www.arteva.fr\/es\/#website"},"primaryImageOfPage":{"@id":"https:\/\/www.arteva.fr\/es\/expediente-ley-finanzas\/calendario-de-factura-electronica-arteva\/#primaryimage"},"image":{"@id":"https:\/\/www.arteva.fr\/es\/expediente-ley-finanzas\/calendario-de-factura-electronica-arteva\/#primaryimage"},"thumbnailUrl":"https:\/\/www.arteva.fr\/wp-content\/uploads\/2024\/10\/04659b9d-8bbf-42ad-bc8a-3a249341b1d5.png","datePublished":"2024-08-08T08:37:32+00:00","dateModified":"2025-07-02T12:06:33+00:00","description":"Calendario de factura electr\u00f3nica: Descubre la informaci\u00f3n para anticiparte a la transici\u00f3n de tu empresa a la factura electr\u00f3nica.","breadcrumb":{"@id":"https:\/\/www.arteva.fr\/es\/expediente-ley-finanzas\/calendario-de-factura-electronica-arteva\/#breadcrumb"},"inLanguage":"es","potentialAction":[{"@type":"ReadAction","target":["https:\/\/www.arteva.fr\/es\/expediente-ley-finanzas\/calendario-de-factura-electronica-arteva\/"]}]},{"@type":"ImageObject","inLanguage":"es","@id":"https:\/\/www.arteva.fr\/es\/expediente-ley-finanzas\/calendario-de-factura-electronica-arteva\/#primaryimage","url":"https:\/\/www.arteva.fr\/wp-content\/uploads\/2024\/10\/04659b9d-8bbf-42ad-bc8a-3a249341b1d5.png","contentUrl":"https:\/\/www.arteva.fr\/wp-content\/uploads\/2024\/10\/04659b9d-8bbf-42ad-bc8a-3a249341b1d5.png","width":1024,"height":835,"caption":"EDI grande distribution"},{"@type":"BreadcrumbList","@id":"https:\/\/www.arteva.fr\/es\/expediente-ley-finanzas\/calendario-de-factura-electronica-arteva\/#breadcrumb","itemListElement":[{"@type":"ListItem","position":1,"name":"Accueil","item":"https:\/\/www.arteva.fr\/es\/"},{"@type":"ListItem","position":2,"name":"Ley de Finanzas","item":"https:\/\/www.arteva.fr\/es\/expediente-ley-finanzas\/"},{"@type":"ListItem","position":3,"name":"Calendario de factura electr\u00f3nica Art\u00e9va"}]},{"@type":"WebSite","@id":"https:\/\/www.arteva.fr\/es\/#website","url":"https:\/\/www.arteva.fr\/es\/","name":"Art\u00e9va","description":"Connecting business","publisher":{"@id":"https:\/\/www.arteva.fr\/es\/#organization"},"potentialAction":[{"@type":"SearchAction","target":{"@type":"EntryPoint","urlTemplate":"https:\/\/www.arteva.fr\/es\/?s={search_term_string}"},"query-input":{"@type":"PropertyValueSpecification","valueRequired":true,"valueName":"search_term_string"}}],"inLanguage":"es"},{"@type":"Organization","@id":"https:\/\/www.arteva.fr\/es\/#organization","name":"Art\u00e9va","url":"https:\/\/www.arteva.fr\/es\/","logo":{"@type":"ImageObject","inLanguage":"es","@id":"https:\/\/www.arteva.fr\/es\/#\/schema\/logo\/image\/","url":"https:\/\/www.arteva.fr\/wp-content\/uploads\/2026\/01\/cropped-Logo-noir-baseline-cote-WP-2.png","contentUrl":"https:\/\/www.arteva.fr\/wp-content\/uploads\/2026\/01\/cropped-Logo-noir-baseline-cote-WP-2.png","width":626,"height":115,"caption":"Art\u00e9va"},"image":{"@id":"https:\/\/www.arteva.fr\/es\/#\/schema\/logo\/image\/"}}]}},"_links":{"self":[{"href":"https:\/\/www.arteva.fr\/es\/wp-json\/wp\/v2\/pages\/3992","targetHints":{"allow":["GET"]}}],"collection":[{"href":"https:\/\/www.arteva.fr\/es\/wp-json\/wp\/v2\/pages"}],"about":[{"href":"https:\/\/www.arteva.fr\/es\/wp-json\/wp\/v2\/types\/page"}],"author":[{"embeddable":true,"href":"https:\/\/www.arteva.fr\/es\/wp-json\/wp\/v2\/users\/2"}],"replies":[{"embeddable":true,"href":"https:\/\/www.arteva.fr\/es\/wp-json\/wp\/v2\/comments?post=3992"}],"version-history":[{"count":7,"href":"https:\/\/www.arteva.fr\/es\/wp-json\/wp\/v2\/pages\/3992\/revisions"}],"predecessor-version":[{"id":8074,"href":"https:\/\/www.arteva.fr\/es\/wp-json\/wp\/v2\/pages\/3992\/revisions\/8074"}],"up":[{"embeddable":true,"href":"https:\/\/www.arteva.fr\/es\/wp-json\/wp\/v2\/pages\/3979"}],"wp:featuredmedia":[{"embeddable":true,"href":"https:\/\/www.arteva.fr\/es\/wp-json\/wp\/v2\/media\/5744"}],"wp:attachment":[{"href":"https:\/\/www.arteva.fr\/es\/wp-json\/wp\/v2\/media?parent=3992"}],"curies":[{"name":"wp","href":"https:\/\/api.w.org\/{rel}","templated":true}]}}