{"id":3967,"date":"2024-07-30T11:56:05","date_gmt":"2024-07-30T09:56:05","guid":{"rendered":"https:\/\/preprod.arteva.fr\/demande-de-demo\/"},"modified":"2026-04-23T10:26:32","modified_gmt":"2026-04-23T08:26:32","slug":"solicitud-demostracion","status":"publish","type":"page","link":"https:\/\/www.arteva.fr\/es\/solicitud-demostracion\/","title":{"rendered":"Solicitud de demostraci\u00f3n"},"content":{"rendered":"","protected":false},"excerpt":{"rendered":"<p> [&#8230;]<\/p>\n<p><a class=\"btn btn-secondary understrap-read-more-link\" href=\"https:\/\/www.arteva.fr\/es\/solicitud-demostracion\/\">Leer m\u00e1s&#8230;<span class=\"screen-reader-text\"> from Solicitud de demostraci\u00f3n<\/span><\/a><\/p>\n","protected":false},"author":2,"featured_media":3955,"parent":0,"menu_order":0,"comment_status":"closed","ping_status":"closed","template":"page-templates\/landing-contact.php","meta":{"_acf_changed":false,"footnotes":""},"class_list":["post-3967","page","type-page","status-publish","has-post-thumbnail","hentry"],"acf":[],"yoast_head":"<!-- This site is optimized with the Yoast SEO plugin v27.4 - https:\/\/yoast.com\/product\/yoast-seo-wordpress\/ -->\n<title>Solicitud de demostraci\u00f3n I Art\u00e9va<\/title>\n<meta name=\"description\" content=\"P\u00f3ngase en contacto con nuestro equipo de expertos de Art\u00e9va para descubrir la plataforma Saas Orchestrade\u00ae a trav\u00e9s de una demostraci\u00f3n.\" \/>\n<meta name=\"robots\" content=\"index, follow, max-snippet:-1, max-image-preview:large, max-video-preview:-1\" \/>\n<link rel=\"canonical\" href=\"https:\/\/www.arteva.fr\/es\/solicitud-demostracion\/\" \/>\n<meta property=\"og:locale\" content=\"es_ES\" \/>\n<meta property=\"og:type\" content=\"article\" \/>\n<meta property=\"og:title\" content=\"Solicitud de demostraci\u00f3n I Art\u00e9va\" \/>\n<meta property=\"og:description\" content=\"P\u00f3ngase en contacto con nuestro equipo de expertos de Art\u00e9va para descubrir la plataforma Saas Orchestrade\u00ae a trav\u00e9s de una demostraci\u00f3n.\" \/>\n<meta property=\"og:url\" content=\"https:\/\/www.arteva.fr\/es\/solicitud-demostracion\/\" \/>\n<meta property=\"og:site_name\" content=\"Art\u00e9va\" \/>\n<meta property=\"article:modified_time\" content=\"2026-04-23T08:26:32+00:00\" \/>\n<meta property=\"og:image\" content=\"https:\/\/www.arteva.fr\/wp-content\/uploads\/2024\/08\/Arteva-logo-illustration-interview.png\" \/>\n\t<meta property=\"og:image:width\" content=\"1080\" \/>\n\t<meta property=\"og:image:height\" content=\"566\" \/>\n\t<meta property=\"og:image:type\" content=\"image\/png\" \/>\n<meta name=\"twitter:card\" content=\"summary_large_image\" \/>\n<meta name=\"twitter:label1\" content=\"Tiempo de lectura\" \/>\n\t<meta name=\"twitter:data1\" content=\"2 minutos\" \/>\n<script type=\"application\/ld+json\" class=\"yoast-schema-graph\">{\"@context\":\"https:\\\/\\\/schema.org\",\"@graph\":[{\"@type\":\"WebPage\",\"@id\":\"https:\\\/\\\/www.arteva.fr\\\/es\\\/solicitud-demostracion\\\/\",\"url\":\"https:\\\/\\\/www.arteva.fr\\\/es\\\/solicitud-demostracion\\\/\",\"name\":\"Solicitud de demostraci\u00f3n I Art\u00e9va\",\"isPartOf\":{\"@id\":\"https:\\\/\\\/www.arteva.fr\\\/es\\\/#website\"},\"primaryImageOfPage\":{\"@id\":\"https:\\\/\\\/www.arteva.fr\\\/es\\\/solicitud-demostracion\\\/#primaryimage\"},\"image\":{\"@id\":\"https:\\\/\\\/www.arteva.fr\\\/es\\\/solicitud-demostracion\\\/#primaryimage\"},\"thumbnailUrl\":\"https:\\\/\\\/www.arteva.fr\\\/wp-content\\\/uploads\\\/2024\\\/08\\\/Arteva-logo-illustration-interview.png\",\"datePublished\":\"2024-07-30T09:56:05+00:00\",\"dateModified\":\"2026-04-23T08:26:32+00:00\",\"description\":\"P\u00f3ngase en contacto con nuestro equipo de expertos de Art\u00e9va para descubrir la plataforma Saas Orchestrade\u00ae a trav\u00e9s de una demostraci\u00f3n.\",\"breadcrumb\":{\"@id\":\"https:\\\/\\\/www.arteva.fr\\\/es\\\/solicitud-demostracion\\\/#breadcrumb\"},\"inLanguage\":\"es\",\"potentialAction\":[{\"@type\":\"ReadAction\",\"target\":[\"https:\\\/\\\/www.arteva.fr\\\/es\\\/solicitud-demostracion\\\/\"]}]},{\"@type\":\"ImageObject\",\"inLanguage\":\"es\",\"@id\":\"https:\\\/\\\/www.arteva.fr\\\/es\\\/solicitud-demostracion\\\/#primaryimage\",\"url\":\"https:\\\/\\\/www.arteva.fr\\\/wp-content\\\/uploads\\\/2024\\\/08\\\/Arteva-logo-illustration-interview.png\",\"contentUrl\":\"https:\\\/\\\/www.arteva.fr\\\/wp-content\\\/uploads\\\/2024\\\/08\\\/Arteva-logo-illustration-interview.png\",\"width\":1080,\"height\":566,\"caption\":\"Logotipo Art\u00e9va\"},{\"@type\":\"BreadcrumbList\",\"@id\":\"https:\\\/\\\/www.arteva.fr\\\/es\\\/solicitud-demostracion\\\/#breadcrumb\",\"itemListElement\":[{\"@type\":\"ListItem\",\"position\":1,\"name\":\"Accueil\",\"item\":\"https:\\\/\\\/www.arteva.fr\\\/es\\\/\"},{\"@type\":\"ListItem\",\"position\":2,\"name\":\"Solicitud de demostraci\u00f3n\"}]},{\"@type\":\"WebSite\",\"@id\":\"https:\\\/\\\/www.arteva.fr\\\/es\\\/#website\",\"url\":\"https:\\\/\\\/www.arteva.fr\\\/es\\\/\",\"name\":\"Art\u00e9va\",\"description\":\"Connecting business\",\"publisher\":{\"@id\":\"https:\\\/\\\/www.arteva.fr\\\/es\\\/#organization\"},\"potentialAction\":[{\"@type\":\"SearchAction\",\"target\":{\"@type\":\"EntryPoint\",\"urlTemplate\":\"https:\\\/\\\/www.arteva.fr\\\/es\\\/?s={search_term_string}\"},\"query-input\":{\"@type\":\"PropertyValueSpecification\",\"valueRequired\":true,\"valueName\":\"search_term_string\"}}],\"inLanguage\":\"es\"},{\"@type\":\"Organization\",\"@id\":\"https:\\\/\\\/www.arteva.fr\\\/es\\\/#organization\",\"name\":\"Art\u00e9va\",\"url\":\"https:\\\/\\\/www.arteva.fr\\\/es\\\/\",\"logo\":{\"@type\":\"ImageObject\",\"inLanguage\":\"es\",\"@id\":\"https:\\\/\\\/www.arteva.fr\\\/es\\\/#\\\/schema\\\/logo\\\/image\\\/\",\"url\":\"https:\\\/\\\/www.arteva.fr\\\/wp-content\\\/uploads\\\/2026\\\/01\\\/cropped-Logo-noir-baseline-cote-WP-2.png\",\"contentUrl\":\"https:\\\/\\\/www.arteva.fr\\\/wp-content\\\/uploads\\\/2026\\\/01\\\/cropped-Logo-noir-baseline-cote-WP-2.png\",\"width\":626,\"height\":115,\"caption\":\"Art\u00e9va\"},\"image\":{\"@id\":\"https:\\\/\\\/www.arteva.fr\\\/es\\\/#\\\/schema\\\/logo\\\/image\\\/\"}}]}<\/script>\n<!-- \/ Yoast SEO plugin. -->","yoast_head_json":{"title":"Solicitud de demostraci\u00f3n I Art\u00e9va","description":"P\u00f3ngase en contacto con nuestro equipo de expertos de Art\u00e9va para descubrir la plataforma Saas Orchestrade\u00ae a trav\u00e9s de una demostraci\u00f3n.","robots":{"index":"index","follow":"follow","max-snippet":"max-snippet:-1","max-image-preview":"max-image-preview:large","max-video-preview":"max-video-preview:-1"},"canonical":"https:\/\/www.arteva.fr\/es\/solicitud-demostracion\/","og_locale":"es_ES","og_type":"article","og_title":"Solicitud de demostraci\u00f3n I Art\u00e9va","og_description":"P\u00f3ngase en contacto con nuestro equipo de expertos de Art\u00e9va para descubrir la plataforma Saas Orchestrade\u00ae a trav\u00e9s de una demostraci\u00f3n.","og_url":"https:\/\/www.arteva.fr\/es\/solicitud-demostracion\/","og_site_name":"Art\u00e9va","article_modified_time":"2026-04-23T08:26:32+00:00","og_image":[{"width":1080,"height":566,"url":"https:\/\/www.arteva.fr\/wp-content\/uploads\/2024\/08\/Arteva-logo-illustration-interview.png","type":"image\/png"}],"twitter_card":"summary_large_image","twitter_misc":{"Tiempo de lectura":"2 minutos"},"schema":{"@context":"https:\/\/schema.org","@graph":[{"@type":"WebPage","@id":"https:\/\/www.arteva.fr\/es\/solicitud-demostracion\/","url":"https:\/\/www.arteva.fr\/es\/solicitud-demostracion\/","name":"Solicitud de demostraci\u00f3n I Art\u00e9va","isPartOf":{"@id":"https:\/\/www.arteva.fr\/es\/#website"},"primaryImageOfPage":{"@id":"https:\/\/www.arteva.fr\/es\/solicitud-demostracion\/#primaryimage"},"image":{"@id":"https:\/\/www.arteva.fr\/es\/solicitud-demostracion\/#primaryimage"},"thumbnailUrl":"https:\/\/www.arteva.fr\/wp-content\/uploads\/2024\/08\/Arteva-logo-illustration-interview.png","datePublished":"2024-07-30T09:56:05+00:00","dateModified":"2026-04-23T08:26:32+00:00","description":"P\u00f3ngase en contacto con nuestro equipo de expertos de Art\u00e9va para descubrir la plataforma Saas Orchestrade\u00ae a trav\u00e9s de una demostraci\u00f3n.","breadcrumb":{"@id":"https:\/\/www.arteva.fr\/es\/solicitud-demostracion\/#breadcrumb"},"inLanguage":"es","potentialAction":[{"@type":"ReadAction","target":["https:\/\/www.arteva.fr\/es\/solicitud-demostracion\/"]}]},{"@type":"ImageObject","inLanguage":"es","@id":"https:\/\/www.arteva.fr\/es\/solicitud-demostracion\/#primaryimage","url":"https:\/\/www.arteva.fr\/wp-content\/uploads\/2024\/08\/Arteva-logo-illustration-interview.png","contentUrl":"https:\/\/www.arteva.fr\/wp-content\/uploads\/2024\/08\/Arteva-logo-illustration-interview.png","width":1080,"height":566,"caption":"Logotipo Art\u00e9va"},{"@type":"BreadcrumbList","@id":"https:\/\/www.arteva.fr\/es\/solicitud-demostracion\/#breadcrumb","itemListElement":[{"@type":"ListItem","position":1,"name":"Accueil","item":"https:\/\/www.arteva.fr\/es\/"},{"@type":"ListItem","position":2,"name":"Solicitud de demostraci\u00f3n"}]},{"@type":"WebSite","@id":"https:\/\/www.arteva.fr\/es\/#website","url":"https:\/\/www.arteva.fr\/es\/","name":"Art\u00e9va","description":"Connecting business","publisher":{"@id":"https:\/\/www.arteva.fr\/es\/#organization"},"potentialAction":[{"@type":"SearchAction","target":{"@type":"EntryPoint","urlTemplate":"https:\/\/www.arteva.fr\/es\/?s={search_term_string}"},"query-input":{"@type":"PropertyValueSpecification","valueRequired":true,"valueName":"search_term_string"}}],"inLanguage":"es"},{"@type":"Organization","@id":"https:\/\/www.arteva.fr\/es\/#organization","name":"Art\u00e9va","url":"https:\/\/www.arteva.fr\/es\/","logo":{"@type":"ImageObject","inLanguage":"es","@id":"https:\/\/www.arteva.fr\/es\/#\/schema\/logo\/image\/","url":"https:\/\/www.arteva.fr\/wp-content\/uploads\/2026\/01\/cropped-Logo-noir-baseline-cote-WP-2.png","contentUrl":"https:\/\/www.arteva.fr\/wp-content\/uploads\/2026\/01\/cropped-Logo-noir-baseline-cote-WP-2.png","width":626,"height":115,"caption":"Art\u00e9va"},"image":{"@id":"https:\/\/www.arteva.fr\/es\/#\/schema\/logo\/image\/"}}]}},"_links":{"self":[{"href":"https:\/\/www.arteva.fr\/es\/wp-json\/wp\/v2\/pages\/3967","targetHints":{"allow":["GET"]}}],"collection":[{"href":"https:\/\/www.arteva.fr\/es\/wp-json\/wp\/v2\/pages"}],"about":[{"href":"https:\/\/www.arteva.fr\/es\/wp-json\/wp\/v2\/types\/page"}],"author":[{"embeddable":true,"href":"https:\/\/www.arteva.fr\/es\/wp-json\/wp\/v2\/users\/2"}],"replies":[{"embeddable":true,"href":"https:\/\/www.arteva.fr\/es\/wp-json\/wp\/v2\/comments?post=3967"}],"version-history":[{"count":3,"href":"https:\/\/www.arteva.fr\/es\/wp-json\/wp\/v2\/pages\/3967\/revisions"}],"predecessor-version":[{"id":22066,"href":"https:\/\/www.arteva.fr\/es\/wp-json\/wp\/v2\/pages\/3967\/revisions\/22066"}],"wp:featuredmedia":[{"embeddable":true,"href":"https:\/\/www.arteva.fr\/es\/wp-json\/wp\/v2\/media\/3955"}],"wp:attachment":[{"href":"https:\/\/www.arteva.fr\/es\/wp-json\/wp\/v2\/media?parent=3967"}],"curies":[{"name":"wp","href":"https:\/\/api.w.org\/{rel}","templated":true}]}}