{"id":3964,"date":"2024-07-30T15:13:39","date_gmt":"2024-07-30T13:13:39","guid":{"rendered":"https:\/\/preprod.arteva.fr\/contact-arteva\/"},"modified":"2025-07-02T11:31:46","modified_gmt":"2025-07-02T09:31:46","slug":"contacto-arteva","status":"publish","type":"page","link":"https:\/\/www.arteva.fr\/es\/contacto-arteva\/","title":{"rendered":"Contacto"},"content":{"rendered":"","protected":false},"excerpt":{"rendered":"<p> [&#8230;]<\/p>\n<p><a class=\"btn btn-secondary understrap-read-more-link\" href=\"https:\/\/www.arteva.fr\/es\/contacto-arteva\/\">Leer m\u00e1s&#8230;<span class=\"screen-reader-text\"> from Contacto<\/span><\/a><\/p>\n","protected":false},"author":1,"featured_media":3955,"parent":0,"menu_order":0,"comment_status":"closed","ping_status":"closed","template":"page-templates\/landing-contact.php","meta":{"_acf_changed":false,"footnotes":""},"class_list":["post-3964","page","type-page","status-publish","has-post-thumbnail","hentry"],"acf":[],"yoast_head":"<!-- This site is optimized with the Yoast SEO plugin v26.5 - https:\/\/yoast.com\/wordpress\/plugins\/seo\/ -->\n<title>Contacta con nuestro equipo de expertos I Art\u00e9va<\/title>\n<meta name=\"description\" content=\"Rellenando nuestro formulario, nuestros expertos de Art\u00e9va se pondr\u00e1n en contacto con usted para responder a su solicitud.\" \/>\n<meta name=\"robots\" content=\"index, follow, max-snippet:-1, max-image-preview:large, max-video-preview:-1\" \/>\n<link rel=\"canonical\" href=\"https:\/\/www.arteva.fr\/es\/contacto-arteva\/\" \/>\n<meta property=\"og:locale\" content=\"es_ES\" \/>\n<meta property=\"og:type\" content=\"article\" \/>\n<meta property=\"og:title\" content=\"Contacta con nuestro equipo de expertos I Art\u00e9va\" \/>\n<meta property=\"og:description\" content=\"Rellenando nuestro formulario, nuestros expertos de Art\u00e9va se pondr\u00e1n en contacto con usted para responder a su solicitud.\" \/>\n<meta property=\"og:url\" content=\"https:\/\/www.arteva.fr\/es\/contacto-arteva\/\" \/>\n<meta property=\"og:site_name\" content=\"Art\u00e9va\" \/>\n<meta property=\"article:modified_time\" content=\"2025-07-02T09:31:46+00:00\" \/>\n<meta property=\"og:image\" content=\"https:\/\/www.arteva.fr\/wp-content\/uploads\/2024\/08\/Arteva-logo-illustration-interview.png\" \/>\n\t<meta property=\"og:image:width\" content=\"1080\" \/>\n\t<meta property=\"og:image:height\" content=\"566\" \/>\n\t<meta property=\"og:image:type\" content=\"image\/png\" \/>\n<meta name=\"twitter:card\" content=\"summary_large_image\" \/>\n<meta name=\"twitter:label1\" content=\"Tiempo de lectura\" \/>\n\t<meta name=\"twitter:data1\" content=\"1 minuto\" \/>\n<script type=\"application\/ld+json\" class=\"yoast-schema-graph\">{\"@context\":\"https:\/\/schema.org\",\"@graph\":[{\"@type\":\"WebPage\",\"@id\":\"https:\/\/www.arteva.fr\/es\/contacto-arteva\/\",\"url\":\"https:\/\/www.arteva.fr\/es\/contacto-arteva\/\",\"name\":\"Contacta con nuestro equipo de expertos I Art\u00e9va\",\"isPartOf\":{\"@id\":\"https:\/\/www.arteva.fr\/es\/#website\"},\"primaryImageOfPage\":{\"@id\":\"https:\/\/www.arteva.fr\/es\/contacto-arteva\/#primaryimage\"},\"image\":{\"@id\":\"https:\/\/www.arteva.fr\/es\/contacto-arteva\/#primaryimage\"},\"thumbnailUrl\":\"https:\/\/www.arteva.fr\/wp-content\/uploads\/2024\/08\/Arteva-logo-illustration-interview.png\",\"datePublished\":\"2024-07-30T13:13:39+00:00\",\"dateModified\":\"2025-07-02T09:31:46+00:00\",\"description\":\"Rellenando nuestro formulario, nuestros expertos de Art\u00e9va se pondr\u00e1n en contacto con usted para responder a su solicitud.\",\"breadcrumb\":{\"@id\":\"https:\/\/www.arteva.fr\/es\/contacto-arteva\/#breadcrumb\"},\"inLanguage\":\"es\",\"potentialAction\":[{\"@type\":\"ReadAction\",\"target\":[\"https:\/\/www.arteva.fr\/es\/contacto-arteva\/\"]}]},{\"@type\":\"ImageObject\",\"inLanguage\":\"es\",\"@id\":\"https:\/\/www.arteva.fr\/es\/contacto-arteva\/#primaryimage\",\"url\":\"https:\/\/www.arteva.fr\/wp-content\/uploads\/2024\/08\/Arteva-logo-illustration-interview.png\",\"contentUrl\":\"https:\/\/www.arteva.fr\/wp-content\/uploads\/2024\/08\/Arteva-logo-illustration-interview.png\",\"width\":1080,\"height\":566,\"caption\":\"demande de d\u00e9mo\"},{\"@type\":\"BreadcrumbList\",\"@id\":\"https:\/\/www.arteva.fr\/es\/contacto-arteva\/#breadcrumb\",\"itemListElement\":[{\"@type\":\"ListItem\",\"position\":1,\"name\":\"Accueil\",\"item\":\"https:\/\/www.arteva.fr\/es\/\"},{\"@type\":\"ListItem\",\"position\":2,\"name\":\"Contacto\"}]},{\"@type\":\"WebSite\",\"@id\":\"https:\/\/www.arteva.fr\/es\/#website\",\"url\":\"https:\/\/www.arteva.fr\/es\/\",\"name\":\"Art\u00e9va\",\"description\":\"Connecting business\",\"publisher\":{\"@id\":\"https:\/\/www.arteva.fr\/es\/#organization\"},\"potentialAction\":[{\"@type\":\"SearchAction\",\"target\":{\"@type\":\"EntryPoint\",\"urlTemplate\":\"https:\/\/www.arteva.fr\/es\/?s={search_term_string}\"},\"query-input\":{\"@type\":\"PropertyValueSpecification\",\"valueRequired\":true,\"valueName\":\"search_term_string\"}}],\"inLanguage\":\"es\"},{\"@type\":\"Organization\",\"@id\":\"https:\/\/www.arteva.fr\/es\/#organization\",\"name\":\"Art\u00e9va\",\"url\":\"https:\/\/www.arteva.fr\/es\/\",\"logo\":{\"@type\":\"ImageObject\",\"inLanguage\":\"es\",\"@id\":\"https:\/\/www.arteva.fr\/es\/#\/schema\/logo\/image\/\",\"url\":\"https:\/\/www.arteva.fr\/wp-content\/uploads\/2026\/01\/cropped-Logo-noir-baseline-cote-WP-2.png\",\"contentUrl\":\"https:\/\/www.arteva.fr\/wp-content\/uploads\/2026\/01\/cropped-Logo-noir-baseline-cote-WP-2.png\",\"width\":626,\"height\":115,\"caption\":\"Art\u00e9va\"},\"image\":{\"@id\":\"https:\/\/www.arteva.fr\/es\/#\/schema\/logo\/image\/\"}}]}<\/script>\n<!-- \/ Yoast SEO plugin. -->","yoast_head_json":{"title":"Contacta con nuestro equipo de expertos I Art\u00e9va","description":"Rellenando nuestro formulario, nuestros expertos de Art\u00e9va se pondr\u00e1n en contacto con usted para responder a su solicitud.","robots":{"index":"index","follow":"follow","max-snippet":"max-snippet:-1","max-image-preview":"max-image-preview:large","max-video-preview":"max-video-preview:-1"},"canonical":"https:\/\/www.arteva.fr\/es\/contacto-arteva\/","og_locale":"es_ES","og_type":"article","og_title":"Contacta con nuestro equipo de expertos I Art\u00e9va","og_description":"Rellenando nuestro formulario, nuestros expertos de Art\u00e9va se pondr\u00e1n en contacto con usted para responder a su solicitud.","og_url":"https:\/\/www.arteva.fr\/es\/contacto-arteva\/","og_site_name":"Art\u00e9va","article_modified_time":"2025-07-02T09:31:46+00:00","og_image":[{"width":1080,"height":566,"url":"https:\/\/www.arteva.fr\/wp-content\/uploads\/2024\/08\/Arteva-logo-illustration-interview.png","type":"image\/png"}],"twitter_card":"summary_large_image","twitter_misc":{"Tiempo de lectura":"1 minuto"},"schema":{"@context":"https:\/\/schema.org","@graph":[{"@type":"WebPage","@id":"https:\/\/www.arteva.fr\/es\/contacto-arteva\/","url":"https:\/\/www.arteva.fr\/es\/contacto-arteva\/","name":"Contacta con nuestro equipo de expertos I Art\u00e9va","isPartOf":{"@id":"https:\/\/www.arteva.fr\/es\/#website"},"primaryImageOfPage":{"@id":"https:\/\/www.arteva.fr\/es\/contacto-arteva\/#primaryimage"},"image":{"@id":"https:\/\/www.arteva.fr\/es\/contacto-arteva\/#primaryimage"},"thumbnailUrl":"https:\/\/www.arteva.fr\/wp-content\/uploads\/2024\/08\/Arteva-logo-illustration-interview.png","datePublished":"2024-07-30T13:13:39+00:00","dateModified":"2025-07-02T09:31:46+00:00","description":"Rellenando nuestro formulario, nuestros expertos de Art\u00e9va se pondr\u00e1n en contacto con usted para responder a su solicitud.","breadcrumb":{"@id":"https:\/\/www.arteva.fr\/es\/contacto-arteva\/#breadcrumb"},"inLanguage":"es","potentialAction":[{"@type":"ReadAction","target":["https:\/\/www.arteva.fr\/es\/contacto-arteva\/"]}]},{"@type":"ImageObject","inLanguage":"es","@id":"https:\/\/www.arteva.fr\/es\/contacto-arteva\/#primaryimage","url":"https:\/\/www.arteva.fr\/wp-content\/uploads\/2024\/08\/Arteva-logo-illustration-interview.png","contentUrl":"https:\/\/www.arteva.fr\/wp-content\/uploads\/2024\/08\/Arteva-logo-illustration-interview.png","width":1080,"height":566,"caption":"demande de d\u00e9mo"},{"@type":"BreadcrumbList","@id":"https:\/\/www.arteva.fr\/es\/contacto-arteva\/#breadcrumb","itemListElement":[{"@type":"ListItem","position":1,"name":"Accueil","item":"https:\/\/www.arteva.fr\/es\/"},{"@type":"ListItem","position":2,"name":"Contacto"}]},{"@type":"WebSite","@id":"https:\/\/www.arteva.fr\/es\/#website","url":"https:\/\/www.arteva.fr\/es\/","name":"Art\u00e9va","description":"Connecting business","publisher":{"@id":"https:\/\/www.arteva.fr\/es\/#organization"},"potentialAction":[{"@type":"SearchAction","target":{"@type":"EntryPoint","urlTemplate":"https:\/\/www.arteva.fr\/es\/?s={search_term_string}"},"query-input":{"@type":"PropertyValueSpecification","valueRequired":true,"valueName":"search_term_string"}}],"inLanguage":"es"},{"@type":"Organization","@id":"https:\/\/www.arteva.fr\/es\/#organization","name":"Art\u00e9va","url":"https:\/\/www.arteva.fr\/es\/","logo":{"@type":"ImageObject","inLanguage":"es","@id":"https:\/\/www.arteva.fr\/es\/#\/schema\/logo\/image\/","url":"https:\/\/www.arteva.fr\/wp-content\/uploads\/2026\/01\/cropped-Logo-noir-baseline-cote-WP-2.png","contentUrl":"https:\/\/www.arteva.fr\/wp-content\/uploads\/2026\/01\/cropped-Logo-noir-baseline-cote-WP-2.png","width":626,"height":115,"caption":"Art\u00e9va"},"image":{"@id":"https:\/\/www.arteva.fr\/es\/#\/schema\/logo\/image\/"}}]}},"_links":{"self":[{"href":"https:\/\/www.arteva.fr\/es\/wp-json\/wp\/v2\/pages\/3964","targetHints":{"allow":["GET"]}}],"collection":[{"href":"https:\/\/www.arteva.fr\/es\/wp-json\/wp\/v2\/pages"}],"about":[{"href":"https:\/\/www.arteva.fr\/es\/wp-json\/wp\/v2\/types\/page"}],"author":[{"embeddable":true,"href":"https:\/\/www.arteva.fr\/es\/wp-json\/wp\/v2\/users\/1"}],"replies":[{"embeddable":true,"href":"https:\/\/www.arteva.fr\/es\/wp-json\/wp\/v2\/comments?post=3964"}],"version-history":[{"count":3,"href":"https:\/\/www.arteva.fr\/es\/wp-json\/wp\/v2\/pages\/3964\/revisions"}],"predecessor-version":[{"id":5816,"href":"https:\/\/www.arteva.fr\/es\/wp-json\/wp\/v2\/pages\/3964\/revisions\/5816"}],"wp:featuredmedia":[{"embeddable":true,"href":"https:\/\/www.arteva.fr\/es\/wp-json\/wp\/v2\/media\/3955"}],"wp:attachment":[{"href":"https:\/\/www.arteva.fr\/es\/wp-json\/wp\/v2\/media?parent=3964"}],"curies":[{"name":"wp","href":"https:\/\/api.w.org\/{rel}","templated":true}]}}