{"id":4130,"date":"2024-07-31T16:30:01","date_gmt":"2024-07-31T14:30:01","guid":{"rendered":"https:\/\/preprod.arteva.fr\/lines-business\/organismes-publics\/"},"modified":"2025-08-25T16:54:32","modified_gmt":"2025-08-25T14:54:32","slug":"public-and-similar-organizations","status":"publish","type":"page","link":"https:\/\/www.arteva.fr\/en\/lines-business\/public-and-similar-organizations\/","title":{"rendered":"Public and similar organizations"},"content":{"rendered":"","protected":false},"excerpt":{"rendered":"<p> [&#8230;]<\/p>\n<p><a class=\"btn btn-secondary understrap-read-more-link\" href=\"https:\/\/www.arteva.fr\/en\/lines-business\/public-and-similar-organizations\/\">Read More&#8230;<span class=\"screen-reader-text\"> from Public and similar organizations<\/span><\/a><\/p>\n","protected":false},"author":3,"featured_media":3336,"parent":3743,"menu_order":0,"comment_status":"closed","ping_status":"closed","template":"page-templates\/builder.php","meta":{"_acf_changed":false,"footnotes":""},"class_list":["post-4130","page","type-page","status-publish","has-post-thumbnail","hentry"],"acf":[],"yoast_head":"<!-- This site is optimized with the Yoast SEO plugin v26.5 - https:\/\/yoast.com\/wordpress\/plugins\/seo\/ -->\n<title>EDI for public and similar organizations | Arteva<\/title>\n<meta name=\"description\" content=\"Optimisez les \u00e9changes gr\u00e2ce \u00e0 un EDI et assurez la qualit\u00e9 et la tra\u00e7abilit\u00e9 pour les organismes publics et assimil\u00e9s\" \/>\n<meta name=\"robots\" content=\"index, follow, max-snippet:-1, max-image-preview:large, max-video-preview:-1\" \/>\n<link rel=\"canonical\" href=\"https:\/\/www.arteva.fr\/en\/lines-business\/public-and-similar-organizations\/\" \/>\n<meta property=\"og:locale\" content=\"en_US\" \/>\n<meta property=\"og:type\" content=\"article\" \/>\n<meta property=\"og:title\" content=\"EDI for public and similar organizations | Arteva\" \/>\n<meta property=\"og:description\" content=\"Optimisez les \u00e9changes gr\u00e2ce \u00e0 un EDI et assurez la qualit\u00e9 et la tra\u00e7abilit\u00e9 pour les organismes publics et assimil\u00e9s\" \/>\n<meta property=\"og:url\" content=\"https:\/\/www.arteva.fr\/en\/lines-business\/public-and-similar-organizations\/\" \/>\n<meta property=\"og:site_name\" content=\"Art\u00e9va\" \/>\n<meta property=\"article:modified_time\" content=\"2025-08-25T14:54:32+00:00\" \/>\n<meta property=\"og:image\" content=\"https:\/\/www.arteva.fr\/wp-content\/uploads\/2024\/08\/dematerialisation-factures-1024x1024-3.png\" \/>\n\t<meta property=\"og:image:width\" content=\"1024\" \/>\n\t<meta property=\"og:image:height\" content=\"1024\" \/>\n\t<meta property=\"og:image:type\" content=\"image\/png\" \/>\n<meta name=\"twitter:card\" content=\"summary_large_image\" \/>\n<meta name=\"twitter:label1\" content=\"Est. reading time\" \/>\n\t<meta name=\"twitter:data1\" content=\"5 minutes\" \/>\n<script type=\"application\/ld+json\" class=\"yoast-schema-graph\">{\"@context\":\"https:\/\/schema.org\",\"@graph\":[{\"@type\":\"WebPage\",\"@id\":\"https:\/\/www.arteva.fr\/en\/lines-business\/public-and-similar-organizations\/\",\"url\":\"https:\/\/www.arteva.fr\/en\/lines-business\/public-and-similar-organizations\/\",\"name\":\"EDI for public and similar organizations | Arteva\",\"isPartOf\":{\"@id\":\"https:\/\/www.arteva.fr\/en\/#website\"},\"primaryImageOfPage\":{\"@id\":\"https:\/\/www.arteva.fr\/en\/lines-business\/public-and-similar-organizations\/#primaryimage\"},\"image\":{\"@id\":\"https:\/\/www.arteva.fr\/en\/lines-business\/public-and-similar-organizations\/#primaryimage\"},\"thumbnailUrl\":\"https:\/\/www.arteva.fr\/wp-content\/uploads\/2024\/08\/dematerialisation-factures-1024x1024-3.png\",\"datePublished\":\"2024-07-31T14:30:01+00:00\",\"dateModified\":\"2025-08-25T14:54:32+00:00\",\"description\":\"Optimisez les \u00e9changes gr\u00e2ce \u00e0 un EDI et assurez la qualit\u00e9 et la tra\u00e7abilit\u00e9 pour les organismes publics et assimil\u00e9s\",\"breadcrumb\":{\"@id\":\"https:\/\/www.arteva.fr\/en\/lines-business\/public-and-similar-organizations\/#breadcrumb\"},\"inLanguage\":\"en-US\",\"potentialAction\":[{\"@type\":\"ReadAction\",\"target\":[\"https:\/\/www.arteva.fr\/en\/lines-business\/public-and-similar-organizations\/\"]}]},{\"@type\":\"ImageObject\",\"inLanguage\":\"en-US\",\"@id\":\"https:\/\/www.arteva.fr\/en\/lines-business\/public-and-similar-organizations\/#primaryimage\",\"url\":\"https:\/\/www.arteva.fr\/wp-content\/uploads\/2024\/08\/dematerialisation-factures-1024x1024-3.png\",\"contentUrl\":\"https:\/\/www.arteva.fr\/wp-content\/uploads\/2024\/08\/dematerialisation-factures-1024x1024-3.png\",\"width\":1024,\"height\":1024,\"caption\":\"EDI organismes publics et assimil\u00e9s\"},{\"@type\":\"BreadcrumbList\",\"@id\":\"https:\/\/www.arteva.fr\/en\/lines-business\/public-and-similar-organizations\/#breadcrumb\",\"itemListElement\":[{\"@type\":\"ListItem\",\"position\":1,\"name\":\"Accueil\",\"item\":\"https:\/\/www.arteva.fr\/en\/\"},{\"@type\":\"ListItem\",\"position\":2,\"name\":\"Lines of business\",\"item\":\"https:\/\/www.arteva.fr\/en\/lines-business\/\"},{\"@type\":\"ListItem\",\"position\":3,\"name\":\"Public and similar organizations\"}]},{\"@type\":\"WebSite\",\"@id\":\"https:\/\/www.arteva.fr\/en\/#website\",\"url\":\"https:\/\/www.arteva.fr\/en\/\",\"name\":\"Art\u00e9va\",\"description\":\"Connecting business\",\"publisher\":{\"@id\":\"https:\/\/www.arteva.fr\/en\/#organization\"},\"potentialAction\":[{\"@type\":\"SearchAction\",\"target\":{\"@type\":\"EntryPoint\",\"urlTemplate\":\"https:\/\/www.arteva.fr\/en\/?s={search_term_string}\"},\"query-input\":{\"@type\":\"PropertyValueSpecification\",\"valueRequired\":true,\"valueName\":\"search_term_string\"}}],\"inLanguage\":\"en-US\"},{\"@type\":\"Organization\",\"@id\":\"https:\/\/www.arteva.fr\/en\/#organization\",\"name\":\"Art\u00e9va\",\"url\":\"https:\/\/www.arteva.fr\/en\/\",\"logo\":{\"@type\":\"ImageObject\",\"inLanguage\":\"en-US\",\"@id\":\"https:\/\/www.arteva.fr\/en\/#\/schema\/logo\/image\/\",\"url\":\"https:\/\/www.arteva.fr\/wp-content\/uploads\/2026\/01\/cropped-Logo-noir-baseline-cote-WP-2.png\",\"contentUrl\":\"https:\/\/www.arteva.fr\/wp-content\/uploads\/2026\/01\/cropped-Logo-noir-baseline-cote-WP-2.png\",\"width\":626,\"height\":115,\"caption\":\"Art\u00e9va\"},\"image\":{\"@id\":\"https:\/\/www.arteva.fr\/en\/#\/schema\/logo\/image\/\"}}]}<\/script>\n<!-- \/ Yoast SEO plugin. -->","yoast_head_json":{"title":"EDI for public and similar organizations | Arteva","description":"Optimisez les \u00e9changes gr\u00e2ce \u00e0 un EDI et assurez la qualit\u00e9 et la tra\u00e7abilit\u00e9 pour les organismes publics et assimil\u00e9s","robots":{"index":"index","follow":"follow","max-snippet":"max-snippet:-1","max-image-preview":"max-image-preview:large","max-video-preview":"max-video-preview:-1"},"canonical":"https:\/\/www.arteva.fr\/en\/lines-business\/public-and-similar-organizations\/","og_locale":"en_US","og_type":"article","og_title":"EDI for public and similar organizations | Arteva","og_description":"Optimisez les \u00e9changes gr\u00e2ce \u00e0 un EDI et assurez la qualit\u00e9 et la tra\u00e7abilit\u00e9 pour les organismes publics et assimil\u00e9s","og_url":"https:\/\/www.arteva.fr\/en\/lines-business\/public-and-similar-organizations\/","og_site_name":"Art\u00e9va","article_modified_time":"2025-08-25T14:54:32+00:00","og_image":[{"width":1024,"height":1024,"url":"https:\/\/www.arteva.fr\/wp-content\/uploads\/2024\/08\/dematerialisation-factures-1024x1024-3.png","type":"image\/png"}],"twitter_card":"summary_large_image","twitter_misc":{"Est. reading time":"5 minutes"},"schema":{"@context":"https:\/\/schema.org","@graph":[{"@type":"WebPage","@id":"https:\/\/www.arteva.fr\/en\/lines-business\/public-and-similar-organizations\/","url":"https:\/\/www.arteva.fr\/en\/lines-business\/public-and-similar-organizations\/","name":"EDI for public and similar organizations | Arteva","isPartOf":{"@id":"https:\/\/www.arteva.fr\/en\/#website"},"primaryImageOfPage":{"@id":"https:\/\/www.arteva.fr\/en\/lines-business\/public-and-similar-organizations\/#primaryimage"},"image":{"@id":"https:\/\/www.arteva.fr\/en\/lines-business\/public-and-similar-organizations\/#primaryimage"},"thumbnailUrl":"https:\/\/www.arteva.fr\/wp-content\/uploads\/2024\/08\/dematerialisation-factures-1024x1024-3.png","datePublished":"2024-07-31T14:30:01+00:00","dateModified":"2025-08-25T14:54:32+00:00","description":"Optimisez les \u00e9changes gr\u00e2ce \u00e0 un EDI et assurez la qualit\u00e9 et la tra\u00e7abilit\u00e9 pour les organismes publics et assimil\u00e9s","breadcrumb":{"@id":"https:\/\/www.arteva.fr\/en\/lines-business\/public-and-similar-organizations\/#breadcrumb"},"inLanguage":"en-US","potentialAction":[{"@type":"ReadAction","target":["https:\/\/www.arteva.fr\/en\/lines-business\/public-and-similar-organizations\/"]}]},{"@type":"ImageObject","inLanguage":"en-US","@id":"https:\/\/www.arteva.fr\/en\/lines-business\/public-and-similar-organizations\/#primaryimage","url":"https:\/\/www.arteva.fr\/wp-content\/uploads\/2024\/08\/dematerialisation-factures-1024x1024-3.png","contentUrl":"https:\/\/www.arteva.fr\/wp-content\/uploads\/2024\/08\/dematerialisation-factures-1024x1024-3.png","width":1024,"height":1024,"caption":"EDI organismes publics et assimil\u00e9s"},{"@type":"BreadcrumbList","@id":"https:\/\/www.arteva.fr\/en\/lines-business\/public-and-similar-organizations\/#breadcrumb","itemListElement":[{"@type":"ListItem","position":1,"name":"Accueil","item":"https:\/\/www.arteva.fr\/en\/"},{"@type":"ListItem","position":2,"name":"Lines of business","item":"https:\/\/www.arteva.fr\/en\/lines-business\/"},{"@type":"ListItem","position":3,"name":"Public and similar organizations"}]},{"@type":"WebSite","@id":"https:\/\/www.arteva.fr\/en\/#website","url":"https:\/\/www.arteva.fr\/en\/","name":"Art\u00e9va","description":"Connecting business","publisher":{"@id":"https:\/\/www.arteva.fr\/en\/#organization"},"potentialAction":[{"@type":"SearchAction","target":{"@type":"EntryPoint","urlTemplate":"https:\/\/www.arteva.fr\/en\/?s={search_term_string}"},"query-input":{"@type":"PropertyValueSpecification","valueRequired":true,"valueName":"search_term_string"}}],"inLanguage":"en-US"},{"@type":"Organization","@id":"https:\/\/www.arteva.fr\/en\/#organization","name":"Art\u00e9va","url":"https:\/\/www.arteva.fr\/en\/","logo":{"@type":"ImageObject","inLanguage":"en-US","@id":"https:\/\/www.arteva.fr\/en\/#\/schema\/logo\/image\/","url":"https:\/\/www.arteva.fr\/wp-content\/uploads\/2026\/01\/cropped-Logo-noir-baseline-cote-WP-2.png","contentUrl":"https:\/\/www.arteva.fr\/wp-content\/uploads\/2026\/01\/cropped-Logo-noir-baseline-cote-WP-2.png","width":626,"height":115,"caption":"Art\u00e9va"},"image":{"@id":"https:\/\/www.arteva.fr\/en\/#\/schema\/logo\/image\/"}}]}},"_links":{"self":[{"href":"https:\/\/www.arteva.fr\/en\/wp-json\/wp\/v2\/pages\/4130","targetHints":{"allow":["GET"]}}],"collection":[{"href":"https:\/\/www.arteva.fr\/en\/wp-json\/wp\/v2\/pages"}],"about":[{"href":"https:\/\/www.arteva.fr\/en\/wp-json\/wp\/v2\/types\/page"}],"author":[{"embeddable":true,"href":"https:\/\/www.arteva.fr\/en\/wp-json\/wp\/v2\/users\/3"}],"replies":[{"embeddable":true,"href":"https:\/\/www.arteva.fr\/en\/wp-json\/wp\/v2\/comments?post=4130"}],"version-history":[{"count":4,"href":"https:\/\/www.arteva.fr\/en\/wp-json\/wp\/v2\/pages\/4130\/revisions"}],"predecessor-version":[{"id":17217,"href":"https:\/\/www.arteva.fr\/en\/wp-json\/wp\/v2\/pages\/4130\/revisions\/17217"}],"up":[{"embeddable":true,"href":"https:\/\/www.arteva.fr\/en\/wp-json\/wp\/v2\/pages\/3743"}],"wp:featuredmedia":[{"embeddable":true,"href":"https:\/\/www.arteva.fr\/en\/wp-json\/wp\/v2\/media\/3336"}],"wp:attachment":[{"href":"https:\/\/www.arteva.fr\/en\/wp-json\/wp\/v2\/media?parent=4130"}],"curies":[{"name":"wp","href":"https:\/\/api.w.org\/{rel}","templated":true}]}}