{"id":5212,"date":"2024-07-30T12:01:29","date_gmt":"2024-07-30T10:01:29","guid":{"rendered":"https:\/\/preprod.arteva.fr\/partnern\/devenir-partenaire\/"},"modified":"2025-07-04T10:45:57","modified_gmt":"2025-07-04T08:45:57","slug":"partner-werden","status":"publish","type":"page","link":"https:\/\/www.arteva.fr\/de\/partnern\/partner-werden\/","title":{"rendered":"Partner werden"},"content":{"rendered":"","protected":false},"excerpt":{"rendered":"<p> [&#8230;]<\/p>\n<p><a class=\"btn btn-secondary understrap-read-more-link\" href=\"https:\/\/www.arteva.fr\/de\/partnern\/partner-werden\/\">Weiterlesen\u00a0\u2026<span class=\"screen-reader-text\"> from Partner werden<\/span><\/a><\/p>\n","protected":false},"author":2,"featured_media":5213,"parent":5210,"menu_order":0,"comment_status":"closed","ping_status":"closed","template":"page-templates\/builder.php","meta":{"_acf_changed":false,"footnotes":""},"class_list":["post-5212","page","type-page","status-publish","has-post-thumbnail","hentry"],"acf":[],"yoast_head":"<!-- This site is optimized with the Yoast SEO plugin v26.5 - https:\/\/yoast.com\/wordpress\/plugins\/seo\/ -->\n<title>Werden Sie Partner | Arteva<\/title>\n<meta name=\"description\" content=\"Als Art\u00e9va-Partner k\u00f6nnen Unternehmen ihre Prozesse automatisieren, die Effizienz steigern und die Datensicherheit gew\u00e4hrleisten.\" \/>\n<meta name=\"robots\" content=\"index, follow, max-snippet:-1, max-image-preview:large, max-video-preview:-1\" \/>\n<link rel=\"canonical\" href=\"https:\/\/www.arteva.fr\/de\/partnern\/partner-werden\/\" \/>\n<meta property=\"og:locale\" content=\"de_DE\" \/>\n<meta property=\"og:type\" content=\"article\" \/>\n<meta property=\"og:title\" content=\"Werden Sie Partner | Arteva\" \/>\n<meta property=\"og:description\" content=\"Als Art\u00e9va-Partner k\u00f6nnen Unternehmen ihre Prozesse automatisieren, die Effizienz steigern und die Datensicherheit gew\u00e4hrleisten.\" \/>\n<meta property=\"og:url\" content=\"https:\/\/www.arteva.fr\/de\/partnern\/partner-werden\/\" \/>\n<meta property=\"og:site_name\" content=\"Art\u00e9va\" \/>\n<meta property=\"article:modified_time\" content=\"2025-07-04T08:45:57+00:00\" \/>\n<meta property=\"og:image\" content=\"https:\/\/www.arteva.fr\/wp-content\/uploads\/2024\/08\/arteva-devenir-partenaires-1024x1024-1.png\" \/>\n\t<meta property=\"og:image:width\" content=\"1024\" \/>\n\t<meta property=\"og:image:height\" content=\"1024\" \/>\n\t<meta property=\"og:image:type\" content=\"image\/png\" \/>\n<meta name=\"twitter:card\" content=\"summary_large_image\" \/>\n<meta name=\"twitter:label1\" content=\"Gesch\u00e4tzte Lesezeit\" \/>\n\t<meta name=\"twitter:data1\" content=\"5\u00a0Minuten\" \/>\n<script type=\"application\/ld+json\" class=\"yoast-schema-graph\">{\"@context\":\"https:\/\/schema.org\",\"@graph\":[{\"@type\":\"WebPage\",\"@id\":\"https:\/\/www.arteva.fr\/de\/partnern\/partner-werden\/\",\"url\":\"https:\/\/www.arteva.fr\/de\/partnern\/partner-werden\/\",\"name\":\"Werden Sie Partner | Arteva\",\"isPartOf\":{\"@id\":\"https:\/\/www.arteva.fr\/de\/#website\"},\"primaryImageOfPage\":{\"@id\":\"https:\/\/www.arteva.fr\/de\/partnern\/partner-werden\/#primaryimage\"},\"image\":{\"@id\":\"https:\/\/www.arteva.fr\/de\/partnern\/partner-werden\/#primaryimage\"},\"thumbnailUrl\":\"https:\/\/www.arteva.fr\/wp-content\/uploads\/2024\/08\/arteva-devenir-partenaires-1024x1024-1.png\",\"datePublished\":\"2024-07-30T10:01:29+00:00\",\"dateModified\":\"2025-07-04T08:45:57+00:00\",\"description\":\"Als Art\u00e9va-Partner k\u00f6nnen Unternehmen ihre Prozesse automatisieren, die Effizienz steigern und die Datensicherheit gew\u00e4hrleisten.\",\"breadcrumb\":{\"@id\":\"https:\/\/www.arteva.fr\/de\/partnern\/partner-werden\/#breadcrumb\"},\"inLanguage\":\"de\",\"potentialAction\":[{\"@type\":\"ReadAction\",\"target\":[\"https:\/\/www.arteva.fr\/de\/partnern\/partner-werden\/\"]}]},{\"@type\":\"ImageObject\",\"inLanguage\":\"de\",\"@id\":\"https:\/\/www.arteva.fr\/de\/partnern\/partner-werden\/#primaryimage\",\"url\":\"https:\/\/www.arteva.fr\/wp-content\/uploads\/2024\/08\/arteva-devenir-partenaires-1024x1024-1.png\",\"contentUrl\":\"https:\/\/www.arteva.fr\/wp-content\/uploads\/2024\/08\/arteva-devenir-partenaires-1024x1024-1.png\",\"width\":1024,\"height\":1024},{\"@type\":\"BreadcrumbList\",\"@id\":\"https:\/\/www.arteva.fr\/de\/partnern\/partner-werden\/#breadcrumb\",\"itemListElement\":[{\"@type\":\"ListItem\",\"position\":1,\"name\":\"Accueil\",\"item\":\"https:\/\/www.arteva.fr\/de\/\"},{\"@type\":\"ListItem\",\"position\":2,\"name\":\"Partnern\",\"item\":\"https:\/\/www.arteva.fr\/de\/partnern\/\"},{\"@type\":\"ListItem\",\"position\":3,\"name\":\"Partner werden\"}]},{\"@type\":\"WebSite\",\"@id\":\"https:\/\/www.arteva.fr\/de\/#website\",\"url\":\"https:\/\/www.arteva.fr\/de\/\",\"name\":\"Art\u00e9va\",\"description\":\"Connecting business\",\"publisher\":{\"@id\":\"https:\/\/www.arteva.fr\/de\/#organization\"},\"potentialAction\":[{\"@type\":\"SearchAction\",\"target\":{\"@type\":\"EntryPoint\",\"urlTemplate\":\"https:\/\/www.arteva.fr\/de\/?s={search_term_string}\"},\"query-input\":{\"@type\":\"PropertyValueSpecification\",\"valueRequired\":true,\"valueName\":\"search_term_string\"}}],\"inLanguage\":\"de\"},{\"@type\":\"Organization\",\"@id\":\"https:\/\/www.arteva.fr\/de\/#organization\",\"name\":\"Art\u00e9va\",\"url\":\"https:\/\/www.arteva.fr\/de\/\",\"logo\":{\"@type\":\"ImageObject\",\"inLanguage\":\"de\",\"@id\":\"https:\/\/www.arteva.fr\/de\/#\/schema\/logo\/image\/\",\"url\":\"https:\/\/www.arteva.fr\/wp-content\/uploads\/2026\/01\/cropped-Logo-noir-baseline-cote-WP-2.png\",\"contentUrl\":\"https:\/\/www.arteva.fr\/wp-content\/uploads\/2026\/01\/cropped-Logo-noir-baseline-cote-WP-2.png\",\"width\":626,\"height\":115,\"caption\":\"Art\u00e9va\"},\"image\":{\"@id\":\"https:\/\/www.arteva.fr\/de\/#\/schema\/logo\/image\/\"}}]}<\/script>\n<!-- \/ Yoast SEO plugin. -->","yoast_head_json":{"title":"Werden Sie Partner | Arteva","description":"Als Art\u00e9va-Partner k\u00f6nnen Unternehmen ihre Prozesse automatisieren, die Effizienz steigern und die Datensicherheit gew\u00e4hrleisten.","robots":{"index":"index","follow":"follow","max-snippet":"max-snippet:-1","max-image-preview":"max-image-preview:large","max-video-preview":"max-video-preview:-1"},"canonical":"https:\/\/www.arteva.fr\/de\/partnern\/partner-werden\/","og_locale":"de_DE","og_type":"article","og_title":"Werden Sie Partner | Arteva","og_description":"Als Art\u00e9va-Partner k\u00f6nnen Unternehmen ihre Prozesse automatisieren, die Effizienz steigern und die Datensicherheit gew\u00e4hrleisten.","og_url":"https:\/\/www.arteva.fr\/de\/partnern\/partner-werden\/","og_site_name":"Art\u00e9va","article_modified_time":"2025-07-04T08:45:57+00:00","og_image":[{"width":1024,"height":1024,"url":"https:\/\/www.arteva.fr\/wp-content\/uploads\/2024\/08\/arteva-devenir-partenaires-1024x1024-1.png","type":"image\/png"}],"twitter_card":"summary_large_image","twitter_misc":{"Gesch\u00e4tzte Lesezeit":"5\u00a0Minuten"},"schema":{"@context":"https:\/\/schema.org","@graph":[{"@type":"WebPage","@id":"https:\/\/www.arteva.fr\/de\/partnern\/partner-werden\/","url":"https:\/\/www.arteva.fr\/de\/partnern\/partner-werden\/","name":"Werden Sie Partner | Arteva","isPartOf":{"@id":"https:\/\/www.arteva.fr\/de\/#website"},"primaryImageOfPage":{"@id":"https:\/\/www.arteva.fr\/de\/partnern\/partner-werden\/#primaryimage"},"image":{"@id":"https:\/\/www.arteva.fr\/de\/partnern\/partner-werden\/#primaryimage"},"thumbnailUrl":"https:\/\/www.arteva.fr\/wp-content\/uploads\/2024\/08\/arteva-devenir-partenaires-1024x1024-1.png","datePublished":"2024-07-30T10:01:29+00:00","dateModified":"2025-07-04T08:45:57+00:00","description":"Als Art\u00e9va-Partner k\u00f6nnen Unternehmen ihre Prozesse automatisieren, die Effizienz steigern und die Datensicherheit gew\u00e4hrleisten.","breadcrumb":{"@id":"https:\/\/www.arteva.fr\/de\/partnern\/partner-werden\/#breadcrumb"},"inLanguage":"de","potentialAction":[{"@type":"ReadAction","target":["https:\/\/www.arteva.fr\/de\/partnern\/partner-werden\/"]}]},{"@type":"ImageObject","inLanguage":"de","@id":"https:\/\/www.arteva.fr\/de\/partnern\/partner-werden\/#primaryimage","url":"https:\/\/www.arteva.fr\/wp-content\/uploads\/2024\/08\/arteva-devenir-partenaires-1024x1024-1.png","contentUrl":"https:\/\/www.arteva.fr\/wp-content\/uploads\/2024\/08\/arteva-devenir-partenaires-1024x1024-1.png","width":1024,"height":1024},{"@type":"BreadcrumbList","@id":"https:\/\/www.arteva.fr\/de\/partnern\/partner-werden\/#breadcrumb","itemListElement":[{"@type":"ListItem","position":1,"name":"Accueil","item":"https:\/\/www.arteva.fr\/de\/"},{"@type":"ListItem","position":2,"name":"Partnern","item":"https:\/\/www.arteva.fr\/de\/partnern\/"},{"@type":"ListItem","position":3,"name":"Partner werden"}]},{"@type":"WebSite","@id":"https:\/\/www.arteva.fr\/de\/#website","url":"https:\/\/www.arteva.fr\/de\/","name":"Art\u00e9va","description":"Connecting business","publisher":{"@id":"https:\/\/www.arteva.fr\/de\/#organization"},"potentialAction":[{"@type":"SearchAction","target":{"@type":"EntryPoint","urlTemplate":"https:\/\/www.arteva.fr\/de\/?s={search_term_string}"},"query-input":{"@type":"PropertyValueSpecification","valueRequired":true,"valueName":"search_term_string"}}],"inLanguage":"de"},{"@type":"Organization","@id":"https:\/\/www.arteva.fr\/de\/#organization","name":"Art\u00e9va","url":"https:\/\/www.arteva.fr\/de\/","logo":{"@type":"ImageObject","inLanguage":"de","@id":"https:\/\/www.arteva.fr\/de\/#\/schema\/logo\/image\/","url":"https:\/\/www.arteva.fr\/wp-content\/uploads\/2026\/01\/cropped-Logo-noir-baseline-cote-WP-2.png","contentUrl":"https:\/\/www.arteva.fr\/wp-content\/uploads\/2026\/01\/cropped-Logo-noir-baseline-cote-WP-2.png","width":626,"height":115,"caption":"Art\u00e9va"},"image":{"@id":"https:\/\/www.arteva.fr\/de\/#\/schema\/logo\/image\/"}}]}},"_links":{"self":[{"href":"https:\/\/www.arteva.fr\/de\/wp-json\/wp\/v2\/pages\/5212","targetHints":{"allow":["GET"]}}],"collection":[{"href":"https:\/\/www.arteva.fr\/de\/wp-json\/wp\/v2\/pages"}],"about":[{"href":"https:\/\/www.arteva.fr\/de\/wp-json\/wp\/v2\/types\/page"}],"author":[{"embeddable":true,"href":"https:\/\/www.arteva.fr\/de\/wp-json\/wp\/v2\/users\/2"}],"replies":[{"embeddable":true,"href":"https:\/\/www.arteva.fr\/de\/wp-json\/wp\/v2\/comments?post=5212"}],"version-history":[{"count":4,"href":"https:\/\/www.arteva.fr\/de\/wp-json\/wp\/v2\/pages\/5212\/revisions"}],"predecessor-version":[{"id":8136,"href":"https:\/\/www.arteva.fr\/de\/wp-json\/wp\/v2\/pages\/5212\/revisions\/8136"}],"up":[{"embeddable":true,"href":"https:\/\/www.arteva.fr\/de\/wp-json\/wp\/v2\/pages\/5210"}],"wp:featuredmedia":[{"embeddable":true,"href":"https:\/\/www.arteva.fr\/de\/wp-json\/wp\/v2\/media\/5213"}],"wp:attachment":[{"href":"https:\/\/www.arteva.fr\/de\/wp-json\/wp\/v2\/media?parent=5212"}],"curies":[{"name":"wp","href":"https:\/\/api.w.org\/{rel}","templated":true}]}}