{"id":5181,"date":"2024-07-30T11:29:18","date_gmt":"2024-07-30T09:29:18","guid":{"rendered":"https:\/\/preprod.arteva.fr\/orchestrade\/elektronische-rechungsstellung\/chorus-pro\/"},"modified":"2025-07-04T10:24:37","modified_gmt":"2025-07-04T08:24:37","slug":"chorus-pro","status":"publish","type":"page","link":"https:\/\/www.arteva.fr\/de\/orchestrade\/elektronische-rechungsstellung\/chorus-pro\/","title":{"rendered":"Chorus Pro"},"content":{"rendered":"","protected":false},"excerpt":{"rendered":"<p> [&#8230;]<\/p>\n<p><a class=\"btn btn-secondary understrap-read-more-link\" href=\"https:\/\/www.arteva.fr\/de\/orchestrade\/elektronische-rechungsstellung\/chorus-pro\/\">Weiterlesen\u00a0\u2026<span class=\"screen-reader-text\"> from Chorus Pro<\/span><\/a><\/p>\n","protected":false},"author":2,"featured_media":5182,"parent":5098,"menu_order":0,"comment_status":"closed","ping_status":"closed","template":"page-templates\/builder.php","meta":{"_acf_changed":false,"footnotes":""},"class_list":["post-5181","page","type-page","status-publish","has-post-thumbnail","hentry"],"acf":[],"yoast_head":"<!-- This site is optimized with the Yoast SEO plugin v27.4 - https:\/\/yoast.com\/product\/yoast-seo-wordpress\/ -->\n<title>Chorus Pro Connector | Arteva<\/title>\n<meta name=\"description\" content=\"Mit Chorus Pro k\u00f6nnen Sie die Dematerialisierung Ihrer Rechnungen f\u00fcr \u00f6ffentliche Einrichtungen zentral und sicher verwalten.\" \/>\n<meta name=\"robots\" content=\"index, follow, max-snippet:-1, max-image-preview:large, max-video-preview:-1\" \/>\n<link rel=\"canonical\" href=\"https:\/\/www.arteva.fr\/de\/orchestrade\/elektronische-rechungsstellung\/chorus-pro\/\" \/>\n<meta property=\"og:locale\" content=\"de_DE\" \/>\n<meta property=\"og:type\" content=\"article\" \/>\n<meta property=\"og:title\" content=\"Chorus Pro Connector | Arteva\" \/>\n<meta property=\"og:description\" content=\"Mit Chorus Pro k\u00f6nnen Sie die Dematerialisierung Ihrer Rechnungen f\u00fcr \u00f6ffentliche Einrichtungen zentral und sicher verwalten.\" \/>\n<meta property=\"og:url\" content=\"https:\/\/www.arteva.fr\/de\/orchestrade\/elektronische-rechungsstellung\/chorus-pro\/\" \/>\n<meta property=\"og:site_name\" content=\"Art\u00e9va\" \/>\n<meta property=\"article:modified_time\" content=\"2025-07-04T08:24:37+00:00\" \/>\n<meta property=\"og:image\" content=\"https:\/\/www.arteva.fr\/wp-content\/uploads\/2024\/08\/gestion-des-factures-1024x1024-1.png\" \/>\n\t<meta property=\"og:image:width\" content=\"1024\" \/>\n\t<meta property=\"og:image:height\" content=\"1024\" \/>\n\t<meta property=\"og:image:type\" content=\"image\/png\" \/>\n<meta name=\"twitter:card\" content=\"summary_large_image\" \/>\n<meta name=\"twitter:label1\" content=\"Gesch\u00e4tzte Lesezeit\" \/>\n\t<meta name=\"twitter:data1\" content=\"3\u00a0Minuten\" \/>\n<script type=\"application\/ld+json\" class=\"yoast-schema-graph\">{\"@context\":\"https:\\\/\\\/schema.org\",\"@graph\":[{\"@type\":\"WebPage\",\"@id\":\"https:\\\/\\\/www.arteva.fr\\\/de\\\/orchestrade\\\/elektronische-rechungsstellung\\\/chorus-pro\\\/\",\"url\":\"https:\\\/\\\/www.arteva.fr\\\/de\\\/orchestrade\\\/elektronische-rechungsstellung\\\/chorus-pro\\\/\",\"name\":\"Chorus Pro Connector | Arteva\",\"isPartOf\":{\"@id\":\"https:\\\/\\\/www.arteva.fr\\\/de\\\/#website\"},\"primaryImageOfPage\":{\"@id\":\"https:\\\/\\\/www.arteva.fr\\\/de\\\/orchestrade\\\/elektronische-rechungsstellung\\\/chorus-pro\\\/#primaryimage\"},\"image\":{\"@id\":\"https:\\\/\\\/www.arteva.fr\\\/de\\\/orchestrade\\\/elektronische-rechungsstellung\\\/chorus-pro\\\/#primaryimage\"},\"thumbnailUrl\":\"https:\\\/\\\/www.arteva.fr\\\/wp-content\\\/uploads\\\/2024\\\/08\\\/gestion-des-factures-1024x1024-1.png\",\"datePublished\":\"2024-07-30T09:29:18+00:00\",\"dateModified\":\"2025-07-04T08:24:37+00:00\",\"description\":\"Mit Chorus Pro k\u00f6nnen Sie die Dematerialisierung Ihrer Rechnungen f\u00fcr \u00f6ffentliche Einrichtungen zentral und sicher verwalten.\",\"breadcrumb\":{\"@id\":\"https:\\\/\\\/www.arteva.fr\\\/de\\\/orchestrade\\\/elektronische-rechungsstellung\\\/chorus-pro\\\/#breadcrumb\"},\"inLanguage\":\"de\",\"potentialAction\":[{\"@type\":\"ReadAction\",\"target\":[\"https:\\\/\\\/www.arteva.fr\\\/de\\\/orchestrade\\\/elektronische-rechungsstellung\\\/chorus-pro\\\/\"]}]},{\"@type\":\"ImageObject\",\"inLanguage\":\"de\",\"@id\":\"https:\\\/\\\/www.arteva.fr\\\/de\\\/orchestrade\\\/elektronische-rechungsstellung\\\/chorus-pro\\\/#primaryimage\",\"url\":\"https:\\\/\\\/www.arteva.fr\\\/wp-content\\\/uploads\\\/2024\\\/08\\\/gestion-des-factures-1024x1024-1.png\",\"contentUrl\":\"https:\\\/\\\/www.arteva.fr\\\/wp-content\\\/uploads\\\/2024\\\/08\\\/gestion-des-factures-1024x1024-1.png\",\"width\":1024,\"height\":1024},{\"@type\":\"BreadcrumbList\",\"@id\":\"https:\\\/\\\/www.arteva.fr\\\/de\\\/orchestrade\\\/elektronische-rechungsstellung\\\/chorus-pro\\\/#breadcrumb\",\"itemListElement\":[{\"@type\":\"ListItem\",\"position\":1,\"name\":\"Accueil\",\"item\":\"https:\\\/\\\/www.arteva.fr\\\/de\\\/\"},{\"@type\":\"ListItem\",\"position\":2,\"name\":\"Orchestrade\u00ae\",\"item\":\"https:\\\/\\\/www.arteva.fr\\\/de\\\/orchestrade\\\/\"},{\"@type\":\"ListItem\",\"position\":3,\"name\":\"Elektronische Rechnungsstellung\",\"item\":\"https:\\\/\\\/www.arteva.fr\\\/de\\\/orchestrade\\\/elektronische-rechungsstellung\\\/\"},{\"@type\":\"ListItem\",\"position\":4,\"name\":\"Chorus Pro\"}]},{\"@type\":\"WebSite\",\"@id\":\"https:\\\/\\\/www.arteva.fr\\\/de\\\/#website\",\"url\":\"https:\\\/\\\/www.arteva.fr\\\/de\\\/\",\"name\":\"Art\u00e9va\",\"description\":\"Connecting business\",\"publisher\":{\"@id\":\"https:\\\/\\\/www.arteva.fr\\\/de\\\/#organization\"},\"potentialAction\":[{\"@type\":\"SearchAction\",\"target\":{\"@type\":\"EntryPoint\",\"urlTemplate\":\"https:\\\/\\\/www.arteva.fr\\\/de\\\/?s={search_term_string}\"},\"query-input\":{\"@type\":\"PropertyValueSpecification\",\"valueRequired\":true,\"valueName\":\"search_term_string\"}}],\"inLanguage\":\"de\"},{\"@type\":\"Organization\",\"@id\":\"https:\\\/\\\/www.arteva.fr\\\/de\\\/#organization\",\"name\":\"Art\u00e9va\",\"url\":\"https:\\\/\\\/www.arteva.fr\\\/de\\\/\",\"logo\":{\"@type\":\"ImageObject\",\"inLanguage\":\"de\",\"@id\":\"https:\\\/\\\/www.arteva.fr\\\/de\\\/#\\\/schema\\\/logo\\\/image\\\/\",\"url\":\"https:\\\/\\\/www.arteva.fr\\\/wp-content\\\/uploads\\\/2026\\\/01\\\/cropped-Logo-noir-baseline-cote-WP-2.png\",\"contentUrl\":\"https:\\\/\\\/www.arteva.fr\\\/wp-content\\\/uploads\\\/2026\\\/01\\\/cropped-Logo-noir-baseline-cote-WP-2.png\",\"width\":626,\"height\":115,\"caption\":\"Art\u00e9va\"},\"image\":{\"@id\":\"https:\\\/\\\/www.arteva.fr\\\/de\\\/#\\\/schema\\\/logo\\\/image\\\/\"}}]}<\/script>\n<!-- \/ Yoast SEO plugin. -->","yoast_head_json":{"title":"Chorus Pro Connector | Arteva","description":"Mit Chorus Pro k\u00f6nnen Sie die Dematerialisierung Ihrer Rechnungen f\u00fcr \u00f6ffentliche Einrichtungen zentral und sicher verwalten.","robots":{"index":"index","follow":"follow","max-snippet":"max-snippet:-1","max-image-preview":"max-image-preview:large","max-video-preview":"max-video-preview:-1"},"canonical":"https:\/\/www.arteva.fr\/de\/orchestrade\/elektronische-rechungsstellung\/chorus-pro\/","og_locale":"de_DE","og_type":"article","og_title":"Chorus Pro Connector | Arteva","og_description":"Mit Chorus Pro k\u00f6nnen Sie die Dematerialisierung Ihrer Rechnungen f\u00fcr \u00f6ffentliche Einrichtungen zentral und sicher verwalten.","og_url":"https:\/\/www.arteva.fr\/de\/orchestrade\/elektronische-rechungsstellung\/chorus-pro\/","og_site_name":"Art\u00e9va","article_modified_time":"2025-07-04T08:24:37+00:00","og_image":[{"width":1024,"height":1024,"url":"https:\/\/www.arteva.fr\/wp-content\/uploads\/2024\/08\/gestion-des-factures-1024x1024-1.png","type":"image\/png"}],"twitter_card":"summary_large_image","twitter_misc":{"Gesch\u00e4tzte Lesezeit":"3\u00a0Minuten"},"schema":{"@context":"https:\/\/schema.org","@graph":[{"@type":"WebPage","@id":"https:\/\/www.arteva.fr\/de\/orchestrade\/elektronische-rechungsstellung\/chorus-pro\/","url":"https:\/\/www.arteva.fr\/de\/orchestrade\/elektronische-rechungsstellung\/chorus-pro\/","name":"Chorus Pro Connector | Arteva","isPartOf":{"@id":"https:\/\/www.arteva.fr\/de\/#website"},"primaryImageOfPage":{"@id":"https:\/\/www.arteva.fr\/de\/orchestrade\/elektronische-rechungsstellung\/chorus-pro\/#primaryimage"},"image":{"@id":"https:\/\/www.arteva.fr\/de\/orchestrade\/elektronische-rechungsstellung\/chorus-pro\/#primaryimage"},"thumbnailUrl":"https:\/\/www.arteva.fr\/wp-content\/uploads\/2024\/08\/gestion-des-factures-1024x1024-1.png","datePublished":"2024-07-30T09:29:18+00:00","dateModified":"2025-07-04T08:24:37+00:00","description":"Mit Chorus Pro k\u00f6nnen Sie die Dematerialisierung Ihrer Rechnungen f\u00fcr \u00f6ffentliche Einrichtungen zentral und sicher verwalten.","breadcrumb":{"@id":"https:\/\/www.arteva.fr\/de\/orchestrade\/elektronische-rechungsstellung\/chorus-pro\/#breadcrumb"},"inLanguage":"de","potentialAction":[{"@type":"ReadAction","target":["https:\/\/www.arteva.fr\/de\/orchestrade\/elektronische-rechungsstellung\/chorus-pro\/"]}]},{"@type":"ImageObject","inLanguage":"de","@id":"https:\/\/www.arteva.fr\/de\/orchestrade\/elektronische-rechungsstellung\/chorus-pro\/#primaryimage","url":"https:\/\/www.arteva.fr\/wp-content\/uploads\/2024\/08\/gestion-des-factures-1024x1024-1.png","contentUrl":"https:\/\/www.arteva.fr\/wp-content\/uploads\/2024\/08\/gestion-des-factures-1024x1024-1.png","width":1024,"height":1024},{"@type":"BreadcrumbList","@id":"https:\/\/www.arteva.fr\/de\/orchestrade\/elektronische-rechungsstellung\/chorus-pro\/#breadcrumb","itemListElement":[{"@type":"ListItem","position":1,"name":"Accueil","item":"https:\/\/www.arteva.fr\/de\/"},{"@type":"ListItem","position":2,"name":"Orchestrade\u00ae","item":"https:\/\/www.arteva.fr\/de\/orchestrade\/"},{"@type":"ListItem","position":3,"name":"Elektronische Rechnungsstellung","item":"https:\/\/www.arteva.fr\/de\/orchestrade\/elektronische-rechungsstellung\/"},{"@type":"ListItem","position":4,"name":"Chorus Pro"}]},{"@type":"WebSite","@id":"https:\/\/www.arteva.fr\/de\/#website","url":"https:\/\/www.arteva.fr\/de\/","name":"Art\u00e9va","description":"Connecting business","publisher":{"@id":"https:\/\/www.arteva.fr\/de\/#organization"},"potentialAction":[{"@type":"SearchAction","target":{"@type":"EntryPoint","urlTemplate":"https:\/\/www.arteva.fr\/de\/?s={search_term_string}"},"query-input":{"@type":"PropertyValueSpecification","valueRequired":true,"valueName":"search_term_string"}}],"inLanguage":"de"},{"@type":"Organization","@id":"https:\/\/www.arteva.fr\/de\/#organization","name":"Art\u00e9va","url":"https:\/\/www.arteva.fr\/de\/","logo":{"@type":"ImageObject","inLanguage":"de","@id":"https:\/\/www.arteva.fr\/de\/#\/schema\/logo\/image\/","url":"https:\/\/www.arteva.fr\/wp-content\/uploads\/2026\/01\/cropped-Logo-noir-baseline-cote-WP-2.png","contentUrl":"https:\/\/www.arteva.fr\/wp-content\/uploads\/2026\/01\/cropped-Logo-noir-baseline-cote-WP-2.png","width":626,"height":115,"caption":"Art\u00e9va"},"image":{"@id":"https:\/\/www.arteva.fr\/de\/#\/schema\/logo\/image\/"}}]}},"_links":{"self":[{"href":"https:\/\/www.arteva.fr\/de\/wp-json\/wp\/v2\/pages\/5181","targetHints":{"allow":["GET"]}}],"collection":[{"href":"https:\/\/www.arteva.fr\/de\/wp-json\/wp\/v2\/pages"}],"about":[{"href":"https:\/\/www.arteva.fr\/de\/wp-json\/wp\/v2\/types\/page"}],"author":[{"embeddable":true,"href":"https:\/\/www.arteva.fr\/de\/wp-json\/wp\/v2\/users\/2"}],"replies":[{"embeddable":true,"href":"https:\/\/www.arteva.fr\/de\/wp-json\/wp\/v2\/comments?post=5181"}],"version-history":[{"count":3,"href":"https:\/\/www.arteva.fr\/de\/wp-json\/wp\/v2\/pages\/5181\/revisions"}],"predecessor-version":[{"id":8121,"href":"https:\/\/www.arteva.fr\/de\/wp-json\/wp\/v2\/pages\/5181\/revisions\/8121"}],"up":[{"embeddable":true,"href":"https:\/\/www.arteva.fr\/de\/wp-json\/wp\/v2\/pages\/5098"}],"wp:featuredmedia":[{"embeddable":true,"href":"https:\/\/www.arteva.fr\/de\/wp-json\/wp\/v2\/media\/5182"}],"wp:attachment":[{"href":"https:\/\/www.arteva.fr\/de\/wp-json\/wp\/v2\/media?parent=5181"}],"curies":[{"name":"wp","href":"https:\/\/api.w.org\/{rel}","templated":true}]}}