{"id":5138,"date":"2024-07-30T11:43:20","date_gmt":"2024-07-30T09:43:20","guid":{"rendered":"https:\/\/preprod.arteva.fr\/services\/tradexpress-leistungen\/deploiement-edi\/"},"modified":"2024-10-25T14:13:21","modified_gmt":"2024-10-25T12:13:21","slug":"einsatz-edi","status":"publish","type":"page","link":"https:\/\/www.arteva.fr\/de\/services\/tradexpress-leistung\/einsatz-edi\/","title":{"rendered":"Einsatz EDI"},"content":{"rendered":"","protected":false},"excerpt":{"rendered":"<p> [&#8230;]<\/p>\n<p><a class=\"btn btn-secondary understrap-read-more-link\" href=\"https:\/\/www.arteva.fr\/de\/services\/tradexpress-leistung\/einsatz-edi\/\">Weiterlesen\u00a0\u2026<span class=\"screen-reader-text\"> from Einsatz EDI<\/span><\/a><\/p>\n","protected":false},"author":2,"featured_media":5139,"parent":5101,"menu_order":0,"comment_status":"closed","ping_status":"closed","template":"page-templates\/builder.php","meta":{"_acf_changed":false,"footnotes":""},"class_list":["post-5138","page","type-page","status-publish","has-post-thumbnail","hentry"],"acf":[],"yoast_head":"<!-- This site is optimized with the Yoast SEO plugin v27.4 - https:\/\/yoast.com\/product\/yoast-seo-wordpress\/ -->\n<title>EDI-Bereitstellung - TradeXpress | Art\u00e9va<\/title>\n<meta name=\"description\" content=\"EDI-Bereitstellung: Unsere EDI-Spezialisten k\u00fcmmern sich um Ihre Bereitstellung bei Ihren Partnern, und zwar so schnell wie m\u00f6glich.\" \/>\n<meta name=\"robots\" content=\"index, follow, max-snippet:-1, max-image-preview:large, max-video-preview:-1\" \/>\n<link rel=\"canonical\" href=\"https:\/\/www.arteva.fr\/de\/services\/tradexpress-leistung\/einsatz-edi\/\" \/>\n<meta property=\"og:locale\" content=\"de_DE\" \/>\n<meta property=\"og:type\" content=\"article\" \/>\n<meta property=\"og:title\" content=\"EDI-Bereitstellung - TradeXpress | Art\u00e9va\" \/>\n<meta property=\"og:description\" content=\"EDI-Bereitstellung: Unsere EDI-Spezialisten k\u00fcmmern sich um Ihre Bereitstellung bei Ihren Partnern, und zwar so schnell wie m\u00f6glich.\" \/>\n<meta property=\"og:url\" content=\"https:\/\/www.arteva.fr\/de\/services\/tradexpress-leistung\/einsatz-edi\/\" \/>\n<meta property=\"og:site_name\" content=\"Art\u00e9va\" \/>\n<meta property=\"article:modified_time\" content=\"2024-10-25T12:13:21+00:00\" \/>\n<meta property=\"og:image\" content=\"https:\/\/www.arteva.fr\/wp-content\/uploads\/2024\/08\/automatisation-echanges-electroniques-flux-1024x1024-2.png\" \/>\n\t<meta property=\"og:image:width\" content=\"1024\" \/>\n\t<meta property=\"og:image:height\" content=\"1024\" \/>\n\t<meta property=\"og:image:type\" content=\"image\/png\" \/>\n<meta name=\"twitter:card\" content=\"summary_large_image\" \/>\n<meta name=\"twitter:label1\" content=\"Gesch\u00e4tzte Lesezeit\" \/>\n\t<meta name=\"twitter:data1\" content=\"3\u00a0Minuten\" \/>\n<script type=\"application\/ld+json\" class=\"yoast-schema-graph\">{\"@context\":\"https:\\\/\\\/schema.org\",\"@graph\":[{\"@type\":\"WebPage\",\"@id\":\"https:\\\/\\\/www.arteva.fr\\\/de\\\/services\\\/tradexpress-leistung\\\/einsatz-edi\\\/\",\"url\":\"https:\\\/\\\/www.arteva.fr\\\/de\\\/services\\\/tradexpress-leistung\\\/einsatz-edi\\\/\",\"name\":\"EDI-Bereitstellung - TradeXpress | Art\u00e9va\",\"isPartOf\":{\"@id\":\"https:\\\/\\\/www.arteva.fr\\\/de\\\/#website\"},\"primaryImageOfPage\":{\"@id\":\"https:\\\/\\\/www.arteva.fr\\\/de\\\/services\\\/tradexpress-leistung\\\/einsatz-edi\\\/#primaryimage\"},\"image\":{\"@id\":\"https:\\\/\\\/www.arteva.fr\\\/de\\\/services\\\/tradexpress-leistung\\\/einsatz-edi\\\/#primaryimage\"},\"thumbnailUrl\":\"https:\\\/\\\/www.arteva.fr\\\/wp-content\\\/uploads\\\/2024\\\/08\\\/automatisation-echanges-electroniques-flux-1024x1024-2.png\",\"datePublished\":\"2024-07-30T09:43:20+00:00\",\"dateModified\":\"2024-10-25T12:13:21+00:00\",\"description\":\"EDI-Bereitstellung: Unsere EDI-Spezialisten k\u00fcmmern sich um Ihre Bereitstellung bei Ihren Partnern, und zwar so schnell wie m\u00f6glich.\",\"breadcrumb\":{\"@id\":\"https:\\\/\\\/www.arteva.fr\\\/de\\\/services\\\/tradexpress-leistung\\\/einsatz-edi\\\/#breadcrumb\"},\"inLanguage\":\"de\",\"potentialAction\":[{\"@type\":\"ReadAction\",\"target\":[\"https:\\\/\\\/www.arteva.fr\\\/de\\\/services\\\/tradexpress-leistung\\\/einsatz-edi\\\/\"]}]},{\"@type\":\"ImageObject\",\"inLanguage\":\"de\",\"@id\":\"https:\\\/\\\/www.arteva.fr\\\/de\\\/services\\\/tradexpress-leistung\\\/einsatz-edi\\\/#primaryimage\",\"url\":\"https:\\\/\\\/www.arteva.fr\\\/wp-content\\\/uploads\\\/2024\\\/08\\\/automatisation-echanges-electroniques-flux-1024x1024-2.png\",\"contentUrl\":\"https:\\\/\\\/www.arteva.fr\\\/wp-content\\\/uploads\\\/2024\\\/08\\\/automatisation-echanges-electroniques-flux-1024x1024-2.png\",\"width\":1024,\"height\":1024},{\"@type\":\"BreadcrumbList\",\"@id\":\"https:\\\/\\\/www.arteva.fr\\\/de\\\/services\\\/tradexpress-leistung\\\/einsatz-edi\\\/#breadcrumb\",\"itemListElement\":[{\"@type\":\"ListItem\",\"position\":1,\"name\":\"Accueil\",\"item\":\"https:\\\/\\\/www.arteva.fr\\\/de\\\/\"},{\"@type\":\"ListItem\",\"position\":2,\"name\":\"Services\",\"item\":\"https:\\\/\\\/www.arteva.fr\\\/de\\\/services\\\/\"},{\"@type\":\"ListItem\",\"position\":3,\"name\":\"Leistungen Tradexpress\u00ae\u00a0\",\"item\":\"https:\\\/\\\/www.arteva.fr\\\/de\\\/services\\\/tradexpress-leistung\\\/\"},{\"@type\":\"ListItem\",\"position\":4,\"name\":\"Einsatz EDI\"}]},{\"@type\":\"WebSite\",\"@id\":\"https:\\\/\\\/www.arteva.fr\\\/de\\\/#website\",\"url\":\"https:\\\/\\\/www.arteva.fr\\\/de\\\/\",\"name\":\"Art\u00e9va\",\"description\":\"Connecting business\",\"publisher\":{\"@id\":\"https:\\\/\\\/www.arteva.fr\\\/de\\\/#organization\"},\"potentialAction\":[{\"@type\":\"SearchAction\",\"target\":{\"@type\":\"EntryPoint\",\"urlTemplate\":\"https:\\\/\\\/www.arteva.fr\\\/de\\\/?s={search_term_string}\"},\"query-input\":{\"@type\":\"PropertyValueSpecification\",\"valueRequired\":true,\"valueName\":\"search_term_string\"}}],\"inLanguage\":\"de\"},{\"@type\":\"Organization\",\"@id\":\"https:\\\/\\\/www.arteva.fr\\\/de\\\/#organization\",\"name\":\"Art\u00e9va\",\"url\":\"https:\\\/\\\/www.arteva.fr\\\/de\\\/\",\"logo\":{\"@type\":\"ImageObject\",\"inLanguage\":\"de\",\"@id\":\"https:\\\/\\\/www.arteva.fr\\\/de\\\/#\\\/schema\\\/logo\\\/image\\\/\",\"url\":\"https:\\\/\\\/www.arteva.fr\\\/wp-content\\\/uploads\\\/2026\\\/01\\\/cropped-Logo-noir-baseline-cote-WP-2.png\",\"contentUrl\":\"https:\\\/\\\/www.arteva.fr\\\/wp-content\\\/uploads\\\/2026\\\/01\\\/cropped-Logo-noir-baseline-cote-WP-2.png\",\"width\":626,\"height\":115,\"caption\":\"Art\u00e9va\"},\"image\":{\"@id\":\"https:\\\/\\\/www.arteva.fr\\\/de\\\/#\\\/schema\\\/logo\\\/image\\\/\"}}]}<\/script>\n<!-- \/ Yoast SEO plugin. -->","yoast_head_json":{"title":"EDI-Bereitstellung - TradeXpress | Art\u00e9va","description":"EDI-Bereitstellung: Unsere EDI-Spezialisten k\u00fcmmern sich um Ihre Bereitstellung bei Ihren Partnern, und zwar so schnell wie m\u00f6glich.","robots":{"index":"index","follow":"follow","max-snippet":"max-snippet:-1","max-image-preview":"max-image-preview:large","max-video-preview":"max-video-preview:-1"},"canonical":"https:\/\/www.arteva.fr\/de\/services\/tradexpress-leistung\/einsatz-edi\/","og_locale":"de_DE","og_type":"article","og_title":"EDI-Bereitstellung - TradeXpress | Art\u00e9va","og_description":"EDI-Bereitstellung: Unsere EDI-Spezialisten k\u00fcmmern sich um Ihre Bereitstellung bei Ihren Partnern, und zwar so schnell wie m\u00f6glich.","og_url":"https:\/\/www.arteva.fr\/de\/services\/tradexpress-leistung\/einsatz-edi\/","og_site_name":"Art\u00e9va","article_modified_time":"2024-10-25T12:13:21+00:00","og_image":[{"width":1024,"height":1024,"url":"https:\/\/www.arteva.fr\/wp-content\/uploads\/2024\/08\/automatisation-echanges-electroniques-flux-1024x1024-2.png","type":"image\/png"}],"twitter_card":"summary_large_image","twitter_misc":{"Gesch\u00e4tzte Lesezeit":"3\u00a0Minuten"},"schema":{"@context":"https:\/\/schema.org","@graph":[{"@type":"WebPage","@id":"https:\/\/www.arteva.fr\/de\/services\/tradexpress-leistung\/einsatz-edi\/","url":"https:\/\/www.arteva.fr\/de\/services\/tradexpress-leistung\/einsatz-edi\/","name":"EDI-Bereitstellung - TradeXpress | Art\u00e9va","isPartOf":{"@id":"https:\/\/www.arteva.fr\/de\/#website"},"primaryImageOfPage":{"@id":"https:\/\/www.arteva.fr\/de\/services\/tradexpress-leistung\/einsatz-edi\/#primaryimage"},"image":{"@id":"https:\/\/www.arteva.fr\/de\/services\/tradexpress-leistung\/einsatz-edi\/#primaryimage"},"thumbnailUrl":"https:\/\/www.arteva.fr\/wp-content\/uploads\/2024\/08\/automatisation-echanges-electroniques-flux-1024x1024-2.png","datePublished":"2024-07-30T09:43:20+00:00","dateModified":"2024-10-25T12:13:21+00:00","description":"EDI-Bereitstellung: Unsere EDI-Spezialisten k\u00fcmmern sich um Ihre Bereitstellung bei Ihren Partnern, und zwar so schnell wie m\u00f6glich.","breadcrumb":{"@id":"https:\/\/www.arteva.fr\/de\/services\/tradexpress-leistung\/einsatz-edi\/#breadcrumb"},"inLanguage":"de","potentialAction":[{"@type":"ReadAction","target":["https:\/\/www.arteva.fr\/de\/services\/tradexpress-leistung\/einsatz-edi\/"]}]},{"@type":"ImageObject","inLanguage":"de","@id":"https:\/\/www.arteva.fr\/de\/services\/tradexpress-leistung\/einsatz-edi\/#primaryimage","url":"https:\/\/www.arteva.fr\/wp-content\/uploads\/2024\/08\/automatisation-echanges-electroniques-flux-1024x1024-2.png","contentUrl":"https:\/\/www.arteva.fr\/wp-content\/uploads\/2024\/08\/automatisation-echanges-electroniques-flux-1024x1024-2.png","width":1024,"height":1024},{"@type":"BreadcrumbList","@id":"https:\/\/www.arteva.fr\/de\/services\/tradexpress-leistung\/einsatz-edi\/#breadcrumb","itemListElement":[{"@type":"ListItem","position":1,"name":"Accueil","item":"https:\/\/www.arteva.fr\/de\/"},{"@type":"ListItem","position":2,"name":"Services","item":"https:\/\/www.arteva.fr\/de\/services\/"},{"@type":"ListItem","position":3,"name":"Leistungen Tradexpress\u00ae\u00a0","item":"https:\/\/www.arteva.fr\/de\/services\/tradexpress-leistung\/"},{"@type":"ListItem","position":4,"name":"Einsatz EDI"}]},{"@type":"WebSite","@id":"https:\/\/www.arteva.fr\/de\/#website","url":"https:\/\/www.arteva.fr\/de\/","name":"Art\u00e9va","description":"Connecting business","publisher":{"@id":"https:\/\/www.arteva.fr\/de\/#organization"},"potentialAction":[{"@type":"SearchAction","target":{"@type":"EntryPoint","urlTemplate":"https:\/\/www.arteva.fr\/de\/?s={search_term_string}"},"query-input":{"@type":"PropertyValueSpecification","valueRequired":true,"valueName":"search_term_string"}}],"inLanguage":"de"},{"@type":"Organization","@id":"https:\/\/www.arteva.fr\/de\/#organization","name":"Art\u00e9va","url":"https:\/\/www.arteva.fr\/de\/","logo":{"@type":"ImageObject","inLanguage":"de","@id":"https:\/\/www.arteva.fr\/de\/#\/schema\/logo\/image\/","url":"https:\/\/www.arteva.fr\/wp-content\/uploads\/2026\/01\/cropped-Logo-noir-baseline-cote-WP-2.png","contentUrl":"https:\/\/www.arteva.fr\/wp-content\/uploads\/2026\/01\/cropped-Logo-noir-baseline-cote-WP-2.png","width":626,"height":115,"caption":"Art\u00e9va"},"image":{"@id":"https:\/\/www.arteva.fr\/de\/#\/schema\/logo\/image\/"}}]}},"_links":{"self":[{"href":"https:\/\/www.arteva.fr\/de\/wp-json\/wp\/v2\/pages\/5138","targetHints":{"allow":["GET"]}}],"collection":[{"href":"https:\/\/www.arteva.fr\/de\/wp-json\/wp\/v2\/pages"}],"about":[{"href":"https:\/\/www.arteva.fr\/de\/wp-json\/wp\/v2\/types\/page"}],"author":[{"embeddable":true,"href":"https:\/\/www.arteva.fr\/de\/wp-json\/wp\/v2\/users\/2"}],"replies":[{"embeddable":true,"href":"https:\/\/www.arteva.fr\/de\/wp-json\/wp\/v2\/comments?post=5138"}],"version-history":[{"count":3,"href":"https:\/\/www.arteva.fr\/de\/wp-json\/wp\/v2\/pages\/5138\/revisions"}],"predecessor-version":[{"id":5916,"href":"https:\/\/www.arteva.fr\/de\/wp-json\/wp\/v2\/pages\/5138\/revisions\/5916"}],"up":[{"embeddable":true,"href":"https:\/\/www.arteva.fr\/de\/wp-json\/wp\/v2\/pages\/5101"}],"wp:featuredmedia":[{"embeddable":true,"href":"https:\/\/www.arteva.fr\/de\/wp-json\/wp\/v2\/media\/5139"}],"wp:attachment":[{"href":"https:\/\/www.arteva.fr\/de\/wp-json\/wp\/v2\/media?parent=5138"}],"curies":[{"name":"wp","href":"https:\/\/api.w.org\/{rel}","templated":true}]}}